{"id":577,"date":"2023-01-20T10:44:37","date_gmt":"2023-01-20T09:44:37","guid":{"rendered":"https:\/\/fromhold.at\/fromhold\/?page_id=577"},"modified":"2025-02-24T09:00:43","modified_gmt":"2025-02-24T08:00:43","slug":"vollmacht-allgemein","status":"publish","type":"page","link":"https:\/\/fromhold.at\/fromhold\/vollmacht-allgemein\/","title":{"rendered":"Vollmacht allgemein"},"content":{"rendered":"\n<p>Mit nachstehendem Formular k\u00f6nnen Sie die Vollmacht f\u00fcr die Bearbeitung Ihrer Rechtssache online unterzeichnen und \u00fcbermitteln.<\/p>\n\n\n\n<p>Bitte dazu:<\/p>\n\n\n\n<ol class=\"wp-block-list\">\n<li>Formular ausf\u00fcllen<\/li>\n\n\n\n<li>Unterschreiben<\/li>\n\n\n\n<li>Zustimmung Datenschutz anhaken<\/li>\n\n\n\n<li>Senden <\/li>\n<\/ol>\n\n\n\n<div class=\"wp-block-buttons is-content-justification-center is-layout-flex wp-container-core-buttons-is-layout-16018d1d wp-block-buttons-is-layout-flex\">\n<div class=\"wp-block-button has-custom-width wp-block-button__width-50 has-custom-font-size is-style-outline has-small-font-size is-style-outline--1\"><a class=\"wp-block-button__link wp-element-button\" href=\"https:\/\/fromhold.at\/fromhold\/wp-content\/uploads\/2025\/02\/2025-02-24-Vollmacht-allgemein.pdf\" target=\"_blank\" rel=\"noopener noreferrer noopener\">Aktuelle Fassung der Vollmacht<\/a><\/div>\n<\/div>\n\n\n\n<div class=\"wp-block-columns is-not-stacked-on-mobile rotate has-medium-font-size is-layout-flex wp-container-core-columns-is-layout-9d6595d7 wp-block-columns-is-layout-flex\">\n<div class=\"wp-block-column has-medium-font-size is-layout-flow wp-block-column-is-layout-flow\" style=\"flex-basis:16.66%\"><div class=\"wp-block-image\">\n<figure class=\"aligncenter size-full is-resized\"><img fetchpriority=\"high\" decoding=\"async\" width=\"512\" height=\"512\" src=\"https:\/\/fromhold.at\/fromhold\/wp-content\/uploads\/2023\/01\/rotate-smartphone.png\" alt=\"Icon rotate smartphone\" class=\"wp-image-754\" style=\"width:68px;height:68px\" srcset=\"https:\/\/fromhold.at\/fromhold\/wp-content\/uploads\/2023\/01\/rotate-smartphone.png 512w, https:\/\/fromhold.at\/fromhold\/wp-content\/uploads\/2023\/01\/rotate-smartphone-300x300.png 300w, https:\/\/fromhold.at\/fromhold\/wp-content\/uploads\/2023\/01\/rotate-smartphone-150x150.png 150w\" sizes=\"(max-width: 512px) 100vw, 512px\" \/><\/figure>\n<\/div><\/div>\n\n\n\n<div class=\"wp-block-column is-vertically-aligned-bottom is-layout-flow wp-block-column-is-layout-flow\" style=\"flex-basis:83.34%\">\n<p>F\u00fcr die Unterschrift am Smartphone, drehen Sie das Smartphone bitte ins Querformat!<\/p>\n<\/div>\n<\/div>\n\n\n\n<div class=\"wp-block-contact-form-7-contact-form-selector\">\n<div class=\"wpcf7 no-js\" id=\"wpcf7-f658-o1\" lang=\"en-US\" dir=\"ltr\" data-wpcf7-id=\"658\">\n<div class=\"screen-reader-response\"><p role=\"status\" aria-live=\"polite\" aria-atomic=\"true\"><\/p> <ul><\/ul><\/div>\n<form action=\"\/fromhold\/wp-json\/wp\/v2\/pages\/577#wpcf7-f658-o1\" method=\"post\" class=\"wpcf7-form init\" aria-label=\"Contact form\" novalidate=\"novalidate\" data-status=\"init\">\n<fieldset class=\"hidden-fields-container\"><input type=\"hidden\" name=\"_wpcf7\" value=\"658\" \/><input type=\"hidden\" name=\"_wpcf7_version\" value=\"6.1.5\" \/><input type=\"hidden\" name=\"_wpcf7_locale\" value=\"en_US\" \/><input type=\"hidden\" name=\"_wpcf7_unit_tag\" value=\"wpcf7-f658-o1\" \/><input type=\"hidden\" name=\"_wpcf7_container_post\" value=\"0\" \/><input type=\"hidden\" name=\"_wpcf7_posted_data_hash\" value=\"\" \/><input type=\"hidden\" name=\"redirect_nonce\" value=\"353a7b955b\" \/><input type=\"hidden\" name=\"wpcf7cfpdf_hidden_name\" value=\"2025-05-03_vollmacht_vorname_nachname\" \/><input type=\"hidden\" name=\"wpcf7cfpdf_hidden_reference\" value=\"42b0f269\" \/><input type=\"hidden\" name=\"wpcf7cfpdf_hidden_date\" value=\"05-03\" \/><input type=\"hidden\" name=\"_wpcf7_recaptcha_response\" value=\"\" \/>\n<\/fieldset>\n<p><label>Vorname<br \/>\n<span class=\"wpcf7-form-control-wrap\" data-name=\"vorname\"><input size=\"40\" maxlength=\"400\" class=\"wpcf7-form-control wpcf7-text wpcf7-validates-as-required\" aria-required=\"true\" aria-invalid=\"false\" value=\"\" type=\"text\" name=\"vorname\" \/><\/span><\/label><br \/>\n<label>Nachname<br \/>\n<span class=\"wpcf7-form-control-wrap\" data-name=\"nachname\"><input size=\"40\" maxlength=\"400\" class=\"wpcf7-form-control wpcf7-text wpcf7-validates-as-required\" aria-required=\"true\" aria-invalid=\"false\" value=\"\" type=\"text\" name=\"nachname\" \/><\/span><\/label><br \/>\n<label>Geburtsdatum<br \/>\n<span class=\"wpcf7-form-control-wrap\" data-name=\"geburtsdatum\"><input class=\"wpcf7-form-control wpcf7-date wpcf7-validates-as-required wpcf7-validates-as-date\" aria-required=\"true\" aria-invalid=\"false\" value=\"\" type=\"date\" name=\"geburtsdatum\" \/><\/span> <\/label><br \/>\n<label>Adresse (Stra\u00dfe und Hausnummer)<br \/>\n<span class=\"wpcf7-form-control-wrap\" data-name=\"adresse\"><input size=\"40\" maxlength=\"400\" class=\"wpcf7-form-control wpcf7-text\" aria-invalid=\"false\" value=\"\" type=\"text\" name=\"adresse\" \/><\/span><\/label>\n<\/p>\n<div style=\"width:49%;float:left\">\n\t<p><label>PLZ<br \/>\n<span class=\"wpcf7-form-control-wrap\" data-name=\"plz\"><input size=\"40\" maxlength=\"400\" class=\"wpcf7-form-control wpcf7-text\" aria-invalid=\"false\" value=\"\" type=\"text\" name=\"plz\" \/><\/span><\/label>\n\t<\/p>\n<\/div>\n<div style=\"width:50%;float:right;\">\n\t<p><label>Ort<br \/>\n<span class=\"wpcf7-form-control-wrap\" data-name=\"ort\"><input size=\"40\" maxlength=\"400\" class=\"wpcf7-form-control wpcf7-text\" aria-invalid=\"false\" value=\"\" type=\"text\" name=\"ort\" \/><\/span><\/label>\n\t<\/p>\n<\/div>\n<p><label>Telefonnummer<br \/>\n<span class=\"wpcf7-form-control-wrap\" data-name=\"telefon\"><input size=\"40\" maxlength=\"400\" class=\"wpcf7-form-control wpcf7-tel wpcf7-text wpcf7-validates-as-tel\" aria-invalid=\"false\" value=\"\" type=\"tel\" name=\"telefon\" \/><\/span><\/label><br \/>\n<label>E-Mail Adresse<br \/>\n<span class=\"wpcf7-form-control-wrap\" data-name=\"email\"><input size=\"40\" maxlength=\"400\" class=\"wpcf7-form-control wpcf7-email wpcf7-validates-as-required wpcf7-text wpcf7-validates-as-email\" aria-required=\"true\" aria-invalid=\"false\" value=\"\" type=\"email\" name=\"email\" \/><\/span><br \/>\n<\/label><br \/>\n<label>Rechtsschutzversicherung<br \/>\n<span class=\"wpcf7-form-control-wrap\" data-name=\"RSV\"><input size=\"40\" maxlength=\"400\" class=\"wpcf7-form-control wpcf7-text\" aria-invalid=\"false\" value=\"\" type=\"text\" name=\"RSV\" \/><\/span><\/label><br \/>\n<label> Polizzennummer<br \/>\n<span class=\"wpcf7-form-control-wrap\" data-name=\"POL\"><input size=\"40\" maxlength=\"400\" class=\"wpcf7-form-control wpcf7-text\" aria-invalid=\"false\" value=\"\" type=\"text\" name=\"POL\" \/><\/span><\/label><br \/>\n<label>Kontoverbindung IBAN<br \/>\n<span class=\"wpcf7-form-control-wrap\" data-name=\"IBAN\"><input size=\"40\" maxlength=\"400\" class=\"wpcf7-form-control wpcf7-text\" aria-invalid=\"false\" value=\"\" type=\"text\" name=\"IBAN\" \/><\/span><\/label>\n<\/p>\n<p><b>Unterschrift<\/b><br \/>\n<div class=\"dscf7_signature\">\n\t\t\t<div class=\"dscf7_signature_inner\">\n\t\t\t\t<canvas id=\"digital_signature-pad_signature-579\" name=\"signature-579\" class=\"digital_signature-pad\" color=\"#000000\" backcolor=\"#fff\" width=\"630px\" height=\"250px\"><\/canvas>\n\t\t\t\t<input class=\"clearButton\" type=\"button\" value=\"+\">\n\t\t\t<\/div>\n\t\t\t<span class=\"wpcf7-form-control-wrap signature-579\">\n\t\t\t\t<input class=\"wpcf7-form-control wpcf7-signature wpcf7-validates-as-requiredwpcf7-validates-as-signaturedscf7-signature\" id=\"signature\" value=\"\" type=\"hidden\" name=\"signature-579\"\/>\n\t\t\t\t<input type=\"hidden\" name=\"signature-579-attachment\" class=\"wpcf7_input_signature-579_attachment\"\/>\n\t\t\t\t<input type=\"hidden\" name=\"signature-579-inline\" class=\"wpcf7_input_signature-579_inline\"\/>\n\t\t\t<\/span>\n\t\t<\/div><br \/>\n<span class=\"wpcf7-form-control-wrap\" data-name=\"datenschutz\"><span class=\"wpcf7-form-control wpcf7-acceptance\"><span class=\"wpcf7-list-item\"><label><input type=\"checkbox\" name=\"datenschutz\" value=\"1\" aria-invalid=\"false\" \/><span class=\"wpcf7-list-item-label\">Hiermit stimme ich der Verarbeitung der \u00fcbermittelten Daten vollumf\u00e4nglich f\u00fcr die Weiterverwendung im Zuge der Abwicklung von Rechtssachen durch RA Mag. Dr. Josef Fromhold zu. Der Mandatsvertrag ist nur mit \u00dcbermittlung einer Unterschrift im Unterschriftenfeld g\u00fcltig.<\/span><\/label><\/span><\/span><\/span><br \/>\n<input class=\"wpcf7-form-control wpcf7-submit has-spinner\" type=\"submit\" value=\"Senden\" \/>\n<\/p><div class=\"wpcf7-response-output\" aria-hidden=\"true\"><\/div>\n<\/form>\n<\/div>\n<\/div>\n<p class=\"wpcf7-contact-form-not-found\"><strong>Fehler:<\/strong> Kontaktformular wurde nicht gefunden.<\/p>","protected":false},"excerpt":{"rendered":"<p>Mit nachstehendem Formular k\u00f6nnen Sie die Vollmacht f\u00fcr die Bearbeitung Ihrer Rechtssache online unterzeichnen und \u00fcbermitteln. Bitte dazu: F\u00fcr die Unterschrift am Smartphone, drehen Sie das Smartphone bitte ins Querformat! Fehler: Kontaktformular wurde nicht gefunden.<\/p>\n","protected":false},"author":4,"featured_media":0,"parent":0,"menu_order":0,"comment_status":"closed","ping_status":"closed","template":"","meta":{"footnotes":""},"class_list":["post-577","page","type-page","status-publish","hentry"],"acf":[],"yoast_head":"<!-- This site is optimized with the Yoast SEO plugin v27.5 - https:\/\/yoast.com\/product\/yoast-seo-wordpress\/ -->\n<title>Vollmacht allgemein - Rechtsanwalt Mag. Dr. Josef Fromhold<\/title>\n<meta name=\"description\" content=\"Rechtsanwalt in Wien. Mein Spezialgebiet ist die Geltendmachung von R\u00fcckforderungsanspr\u00fcchen gegen Lyoness\/Lyconet\/Cashback World\/myWorld.\" \/>\n<meta name=\"robots\" content=\"index, follow, max-snippet:-1, max-image-preview:large, max-video-preview:-1\" \/>\n<link rel=\"canonical\" href=\"https:\/\/fromhold.at\/fromhold\/vollmacht-allgemein\/\" \/>\n<meta property=\"og:locale\" content=\"de_DE\" \/>\n<meta property=\"og:type\" content=\"article\" \/>\n<meta property=\"og:title\" content=\"Vollmacht allgemein - Rechtsanwalt Mag. Dr. Josef Fromhold\" \/>\n<meta property=\"og:description\" content=\"Rechtsanwalt in Wien. Mein Spezialgebiet ist die Geltendmachung von R\u00fcckforderungsanspr\u00fcchen gegen Lyoness\/Lyconet\/Cashback World\/myWorld.\" \/>\n<meta property=\"og:url\" content=\"https:\/\/fromhold.at\/fromhold\/vollmacht-allgemein\/\" \/>\n<meta property=\"og:site_name\" content=\"Rechtsanwalt Mag. Dr. Josef Fromhold\" \/>\n<meta property=\"article:modified_time\" content=\"2025-02-24T08:00:43+00:00\" \/>\n<meta property=\"og:image\" content=\"https:\/\/fromhold.at\/fromhold\/wp-content\/uploads\/2023\/01\/rotate-smartphone.png\" \/>\n\t<meta property=\"og:image:width\" content=\"512\" \/>\n\t<meta property=\"og:image:height\" content=\"512\" \/>\n\t<meta property=\"og:image:type\" content=\"image\/png\" \/>\n<meta name=\"twitter:card\" content=\"summary_large_image\" \/>\n<meta name=\"twitter:label1\" content=\"Gesch\u00e4tzte Lesezeit\" \/>\n\t<meta name=\"twitter:data1\" content=\"1\u00a0Minute\" \/>\n<script type=\"application\/ld+json\" class=\"yoast-schema-graph\">{\"@context\":\"https:\\\/\\\/schema.org\",\"@graph\":[{\"@type\":\"WebPage\",\"@id\":\"https:\\\/\\\/fromhold.at\\\/fromhold\\\/vollmacht-allgemein\\\/\",\"url\":\"https:\\\/\\\/fromhold.at\\\/fromhold\\\/vollmacht-allgemein\\\/\",\"name\":\"Vollmacht allgemein - Rechtsanwalt Mag. Dr. Josef Fromhold\",\"isPartOf\":{\"@id\":\"https:\\\/\\\/fromhold.at\\\/fromhold\\\/#website\"},\"primaryImageOfPage\":{\"@id\":\"https:\\\/\\\/fromhold.at\\\/fromhold\\\/vollmacht-allgemein\\\/#primaryimage\"},\"image\":{\"@id\":\"https:\\\/\\\/fromhold.at\\\/fromhold\\\/vollmacht-allgemein\\\/#primaryimage\"},\"thumbnailUrl\":\"https:\\\/\\\/fromhold.at\\\/fromhold\\\/wp-content\\\/uploads\\\/2023\\\/01\\\/rotate-smartphone.png\",\"datePublished\":\"2023-01-20T09:44:37+00:00\",\"dateModified\":\"2025-02-24T08:00:43+00:00\",\"description\":\"Rechtsanwalt in Wien. Mein Spezialgebiet ist die Geltendmachung von R\u00fcckforderungsanspr\u00fcchen gegen Lyoness\\\/Lyconet\\\/Cashback World\\\/myWorld.\",\"breadcrumb\":{\"@id\":\"https:\\\/\\\/fromhold.at\\\/fromhold\\\/vollmacht-allgemein\\\/#breadcrumb\"},\"inLanguage\":\"de\",\"potentialAction\":[{\"@type\":\"ReadAction\",\"target\":[\"https:\\\/\\\/fromhold.at\\\/fromhold\\\/vollmacht-allgemein\\\/\"]}]},{\"@type\":\"ImageObject\",\"inLanguage\":\"de\",\"@id\":\"https:\\\/\\\/fromhold.at\\\/fromhold\\\/vollmacht-allgemein\\\/#primaryimage\",\"url\":\"https:\\\/\\\/fromhold.at\\\/fromhold\\\/wp-content\\\/uploads\\\/2023\\\/01\\\/rotate-smartphone.png\",\"contentUrl\":\"https:\\\/\\\/fromhold.at\\\/fromhold\\\/wp-content\\\/uploads\\\/2023\\\/01\\\/rotate-smartphone.png\",\"width\":512,\"height\":512,\"caption\":\"Icon rotate smartphone\"},{\"@type\":\"BreadcrumbList\",\"@id\":\"https:\\\/\\\/fromhold.at\\\/fromhold\\\/vollmacht-allgemein\\\/#breadcrumb\",\"itemListElement\":[{\"@type\":\"ListItem\",\"position\":1,\"name\":\"Startseite\",\"item\":\"https:\\\/\\\/fromhold.at\\\/fromhold\\\/\"},{\"@type\":\"ListItem\",\"position\":2,\"name\":\"Vollmacht allgemein\"}]},{\"@type\":\"WebSite\",\"@id\":\"https:\\\/\\\/fromhold.at\\\/fromhold\\\/#website\",\"url\":\"https:\\\/\\\/fromhold.at\\\/fromhold\\\/\",\"name\":\"Rechtsanwalt Mag. Dr. Josef Fromhold\",\"description\":\"Lyoness R\u00fcckforderung, Schuldenregulierung, Reiserecht, Konsumentenschutz\",\"publisher\":{\"@id\":\"https:\\\/\\\/fromhold.at\\\/fromhold\\\/#organization\"},\"potentialAction\":[{\"@type\":\"SearchAction\",\"target\":{\"@type\":\"EntryPoint\",\"urlTemplate\":\"https:\\\/\\\/fromhold.at\\\/fromhold\\\/?s={search_term_string}\"},\"query-input\":{\"@type\":\"PropertyValueSpecification\",\"valueRequired\":true,\"valueName\":\"search_term_string\"}}],\"inLanguage\":\"de\"},{\"@type\":\"Organization\",\"@id\":\"https:\\\/\\\/fromhold.at\\\/fromhold\\\/#organization\",\"name\":\"Rechtsanwalt Mag. Dr. Josef Fromhold\",\"url\":\"https:\\\/\\\/fromhold.at\\\/fromhold\\\/\",\"logo\":{\"@type\":\"ImageObject\",\"inLanguage\":\"de\",\"@id\":\"https:\\\/\\\/fromhold.at\\\/fromhold\\\/#\\\/schema\\\/logo\\\/image\\\/\",\"url\":\"https:\\\/\\\/fromhold.at\\\/fromhold\\\/wp-content\\\/uploads\\\/2020\\\/08\\\/logo_by_reza_dark_blue_shadow.png\",\"contentUrl\":\"https:\\\/\\\/fromhold.at\\\/fromhold\\\/wp-content\\\/uploads\\\/2020\\\/08\\\/logo_by_reza_dark_blue_shadow.png\",\"width\":320,\"height\":46,\"caption\":\"Rechtsanwalt Mag. Dr. Josef Fromhold\"},\"image\":{\"@id\":\"https:\\\/\\\/fromhold.at\\\/fromhold\\\/#\\\/schema\\\/logo\\\/image\\\/\"}}]}<\/script>\n<!-- \/ Yoast SEO plugin. -->","yoast_head_json":{"title":"Vollmacht allgemein - Rechtsanwalt Mag. Dr. Josef Fromhold","description":"Rechtsanwalt in Wien. Mein Spezialgebiet ist die Geltendmachung von R\u00fcckforderungsanspr\u00fcchen gegen Lyoness\/Lyconet\/Cashback World\/myWorld.","robots":{"index":"index","follow":"follow","max-snippet":"max-snippet:-1","max-image-preview":"max-image-preview:large","max-video-preview":"max-video-preview:-1"},"canonical":"https:\/\/fromhold.at\/fromhold\/vollmacht-allgemein\/","og_locale":"de_DE","og_type":"article","og_title":"Vollmacht allgemein - Rechtsanwalt Mag. Dr. Josef Fromhold","og_description":"Rechtsanwalt in Wien. Mein Spezialgebiet ist die Geltendmachung von R\u00fcckforderungsanspr\u00fcchen gegen Lyoness\/Lyconet\/Cashback World\/myWorld.","og_url":"https:\/\/fromhold.at\/fromhold\/vollmacht-allgemein\/","og_site_name":"Rechtsanwalt Mag. Dr. Josef Fromhold","article_modified_time":"2025-02-24T08:00:43+00:00","og_image":[{"width":512,"height":512,"url":"https:\/\/fromhold.at\/fromhold\/wp-content\/uploads\/2023\/01\/rotate-smartphone.png","type":"image\/png"}],"twitter_card":"summary_large_image","twitter_misc":{"Gesch\u00e4tzte Lesezeit":"1\u00a0Minute"},"schema":{"@context":"https:\/\/schema.org","@graph":[{"@type":"WebPage","@id":"https:\/\/fromhold.at\/fromhold\/vollmacht-allgemein\/","url":"https:\/\/fromhold.at\/fromhold\/vollmacht-allgemein\/","name":"Vollmacht allgemein - Rechtsanwalt Mag. Dr. Josef Fromhold","isPartOf":{"@id":"https:\/\/fromhold.at\/fromhold\/#website"},"primaryImageOfPage":{"@id":"https:\/\/fromhold.at\/fromhold\/vollmacht-allgemein\/#primaryimage"},"image":{"@id":"https:\/\/fromhold.at\/fromhold\/vollmacht-allgemein\/#primaryimage"},"thumbnailUrl":"https:\/\/fromhold.at\/fromhold\/wp-content\/uploads\/2023\/01\/rotate-smartphone.png","datePublished":"2023-01-20T09:44:37+00:00","dateModified":"2025-02-24T08:00:43+00:00","description":"Rechtsanwalt in Wien. Mein Spezialgebiet ist die Geltendmachung von R\u00fcckforderungsanspr\u00fcchen gegen Lyoness\/Lyconet\/Cashback World\/myWorld.","breadcrumb":{"@id":"https:\/\/fromhold.at\/fromhold\/vollmacht-allgemein\/#breadcrumb"},"inLanguage":"de","potentialAction":[{"@type":"ReadAction","target":["https:\/\/fromhold.at\/fromhold\/vollmacht-allgemein\/"]}]},{"@type":"ImageObject","inLanguage":"de","@id":"https:\/\/fromhold.at\/fromhold\/vollmacht-allgemein\/#primaryimage","url":"https:\/\/fromhold.at\/fromhold\/wp-content\/uploads\/2023\/01\/rotate-smartphone.png","contentUrl":"https:\/\/fromhold.at\/fromhold\/wp-content\/uploads\/2023\/01\/rotate-smartphone.png","width":512,"height":512,"caption":"Icon rotate smartphone"},{"@type":"BreadcrumbList","@id":"https:\/\/fromhold.at\/fromhold\/vollmacht-allgemein\/#breadcrumb","itemListElement":[{"@type":"ListItem","position":1,"name":"Startseite","item":"https:\/\/fromhold.at\/fromhold\/"},{"@type":"ListItem","position":2,"name":"Vollmacht allgemein"}]},{"@type":"WebSite","@id":"https:\/\/fromhold.at\/fromhold\/#website","url":"https:\/\/fromhold.at\/fromhold\/","name":"Rechtsanwalt Mag. Dr. Josef Fromhold","description":"Lyoness R\u00fcckforderung, Schuldenregulierung, Reiserecht, Konsumentenschutz","publisher":{"@id":"https:\/\/fromhold.at\/fromhold\/#organization"},"potentialAction":[{"@type":"SearchAction","target":{"@type":"EntryPoint","urlTemplate":"https:\/\/fromhold.at\/fromhold\/?s={search_term_string}"},"query-input":{"@type":"PropertyValueSpecification","valueRequired":true,"valueName":"search_term_string"}}],"inLanguage":"de"},{"@type":"Organization","@id":"https:\/\/fromhold.at\/fromhold\/#organization","name":"Rechtsanwalt Mag. Dr. Josef Fromhold","url":"https:\/\/fromhold.at\/fromhold\/","logo":{"@type":"ImageObject","inLanguage":"de","@id":"https:\/\/fromhold.at\/fromhold\/#\/schema\/logo\/image\/","url":"https:\/\/fromhold.at\/fromhold\/wp-content\/uploads\/2020\/08\/logo_by_reza_dark_blue_shadow.png","contentUrl":"https:\/\/fromhold.at\/fromhold\/wp-content\/uploads\/2020\/08\/logo_by_reza_dark_blue_shadow.png","width":320,"height":46,"caption":"Rechtsanwalt Mag. Dr. Josef Fromhold"},"image":{"@id":"https:\/\/fromhold.at\/fromhold\/#\/schema\/logo\/image\/"}}]}},"_links":{"self":[{"href":"https:\/\/fromhold.at\/fromhold\/wp-json\/wp\/v2\/pages\/577","targetHints":{"allow":["GET"]}}],"collection":[{"href":"https:\/\/fromhold.at\/fromhold\/wp-json\/wp\/v2\/pages"}],"about":[{"href":"https:\/\/fromhold.at\/fromhold\/wp-json\/wp\/v2\/types\/page"}],"author":[{"embeddable":true,"href":"https:\/\/fromhold.at\/fromhold\/wp-json\/wp\/v2\/users\/4"}],"replies":[{"embeddable":true,"href":"https:\/\/fromhold.at\/fromhold\/wp-json\/wp\/v2\/comments?post=577"}],"version-history":[{"count":7,"href":"https:\/\/fromhold.at\/fromhold\/wp-json\/wp\/v2\/pages\/577\/revisions"}],"predecessor-version":[{"id":923,"href":"https:\/\/fromhold.at\/fromhold\/wp-json\/wp\/v2\/pages\/577\/revisions\/923"}],"wp:attachment":[{"href":"https:\/\/fromhold.at\/fromhold\/wp-json\/wp\/v2\/media?parent=577"}],"curies":[{"name":"wp","href":"https:\/\/api.w.org\/{rel}","templated":true}]}}