{"id":253,"date":"2020-08-30T15:30:31","date_gmt":"2020-08-30T13:30:31","guid":{"rendered":"https:\/\/www.fromhold.at\/2020\/?page_id=253"},"modified":"2020-08-30T15:30:33","modified_gmt":"2020-08-30T13:30:33","slug":"die-clouds","status":"publish","type":"page","link":"https:\/\/fromhold.at\/fromhold\/die-clouds\/","title":{"rendered":"Die Clouds"},"content":{"rendered":"\n<p>Im Laufe der Zeit wurden verschiedene Clouds aufgelegt: Austrian Customer Cloud, Slovakian &amp; Czech Customer Cloud, Polish Customer Cloud, South East 1 Customer Cloud, South East 2 Customer Cloud, Nordic Customer Cloud, Italian Customer Cloud, Spanish and Portuguese Customer Cloud, German Customer Cloud, Enterprise Cloud 1, 2, 3, 4, 5, 6, 7, Enterprise Cloud X.<\/p>\n\n\n\n<p>Die Konditionen und Teilnahmevoraussetzungen f\u00fcr die Clouds sind im Wesentlichen gleich gestaltet.<\/p>\n\n\n\n<p>Die Werbeprospekte der Customer Clouds versprechen immer dasselbe: Die Cloud soll Kunden aus Kooperationen vereinen, diese sollen durch ihre Eink\u00e4ufe jeden Monat Shopping Points produzieren. Das daraus resultierende Shopping Points-Volumen soll anteilig auf alle Sponsoren (teilnehmende Marketer) verteilt und ausbezahlt werden.<\/p>\n\n\n\n<p>Als Kooperationen werden genannt: Cashback World, White Label-Kooperationen, Key-Account-Kooperationen und weitere Kooperationen.<\/p>\n\n\n\n<p>Die Clouds haben gewisse Laufzeiten (3 Jahre, die Enterprise Clouds 4 Jahre) und sollte es danach zur Erstzuteilung der Shopping Points kommen und die Gewinne aus diesen Shopping Points ausbezahlt sowie der Einsatz f\u00fcr die Cloud selbst r\u00fcckgezahlt werden. In den Folgemonaten sollten Shopping Points monatlich zugeteilt und die Gewinne als passives Einkommen ausbezahlt werden.<\/p>\n\n\n\n<p>Die Clouds sollten also passives Einkommen bescheren, sodass man keine weiteren Mitglieder anwerben muss.<\/p>\n\n\n\n<p>Doch in Wirklichkeit muss man auch bei den Clouds laufend selbst Geld nachschie\u00dfen, um \u00fcberhaupt verg\u00fctungsberechtig zu sein und dar\u00fcber hinaus weitere Cloudk\u00e4ufer anwerben, denn sonst erh\u00e4lt man nach dem komplizierten Verg\u00fctungsbestimmungen keine Auszahlungen.<\/p>\n\n\n\n<p>Laut Werbeprospekt h\u00e4tte beispielsweise bei der Polish Customer Cloud die Erstzuteilung der Shopping Points am 21.01.2019 erfolgen sollen. Die ersten 1.500 Shopping Points pro LEDV sollten gegen Discount Voucher im Wert von \u20ac 1.500,00 eingel\u00f6st und <strong><u>ausbezahlt<\/u><\/strong> werden. Ab Februar 2019 h\u00e4tte die monatliche Zuteilung der Shopping Points starten sollen. Monatliche Shopping Points sollten Shopping Points-Volumen (Shopping Points Balance zur freien Verbuchung + Shopping Points Career) generieren oder k\u00f6nnten bei Vorhandensein gegen Discount Voucher eingel\u00f6st und <strong><span style=\"text-decoration: underline;\">ausbezahlt<\/span> <\/strong>werden.<\/p>\n\n\n\n<p>Bei der South-East 1 Customer Cloud h\u00e4tte die Erstzuteilung der Shopping Points am 16.12.2019 erfolgen sollen. Die ersten 1.500 Shopping Points pro LEDV sollten gegen Discount Voucher im Wert von \u20ac 1.500,00 eingel\u00f6st und <strong><u>ausbezahlt<\/u><\/strong> werden.&nbsp; Ab Januar 2020 h\u00e4tte die monatliche Zuteilung der Shopping Points starten sollen. Monatliche Shopping Points sollten Shopping Points-Volumen (Shopping Points Balance zur freien Verbuchung + Shopping Points Career) generieren oder k\u00f6nnten bei Vorhandensein gegen Discount Voucher eingel\u00f6st und ausbezahlt werden.<\/p>\n\n\n\n<p>Doch die Clouds wurden nicht zur\u00fcckgezahlt und gab es keine bis nur unbedeutende Aussch\u00fcttungen. Diese Erfahrung werden auch bereits viele Cloudk\u00e4ufer bereits gemacht haben.<\/p>\n\n\n\n<p>Der Erwerb einer Cloud ist an folgende Bedingungen gebunden:<\/p>\n\n\n\n<p>Status eines Premium Marketers oder Marketers mit 2.400 Shopping Points bzw. f\u00fcr die kleine Cloud 350 Shopping Points f\u00fcr das Balance Program<\/p>\n\n\n\n<p>1 gebuchte Unit in der pers\u00f6nlichen Balance<\/p>\n\n\n\n<p>Aktives Easy Shop Plus<\/p>\n\n\n\n<p>Erwerb eines LEDV<\/p>\n\n\n\n<p>Zum Premium Marketer wird man laut Compensation Plan, wenn man ein Karriere-Level erreicht hat. Das Karriere-Level 1 erreicht man durch 5.000 Shopping Points, wobei dieses im darauffolgenden Monat durch weitere 5.000 Shopping Points best\u00e4tigt werden muss.<\/p>\n\n\n\n<p>Das bedeutet, dass entweder Eigenk\u00e4ufe von Rabattgutscheinen um \u20ac 10.000,00 oder Anwerbung von Mitgliedern, die um \u20ac 20.000,00 Rabattgutscheine gekauft haben, beides in 2 darauffolgenden Monaten.<\/p>\n\n\n\n<p>Diese Bedingungen sind nat\u00fcrlich nicht so einfach zu erf\u00fcllen. Deshalb gibt es auch die Alternative von 2.400 Shopping Points. Diese erzielt man durch Kauf von Rabattgutscheinen um \u20ac 2.400,00.<\/p>\n\n\n\n<p>Deshalb w\u00e4hlen die meisten auch das g\u00fcnstigere Einstiegspaket um \u20ac 2.400,00.<\/p>\n\n\n\n<p>Zus\u00e4tzlich ben\u00f6tigt man 1 gebuchte Unit in der pers\u00f6nlichen Balance, also einen weiteren Rabattgutscheinkauf um \u20ac 50,00.<\/p>\n\n\n\n<p>Weiters muss das Easy Shop Plus aktiviert sein, also die Verpflichtung eingegangen werden, monatlich w\u00e4hrend der gesamten Laufzeit der Cloud mindestens \u20ac 50,00 f\u00fcr weitere Rabattgutscheink\u00e4ufe an Lyoness zu zahlen, denn nur so kann die Verg\u00fctungsberechtigung aufrechterhalten werden. Sonst bekommt man gar nichts.<\/p>\n\n\n\n<p>Schlie\u00dflich muss man einen \u201e<strong>Limited Edition Discount Voucher<\/strong>\u201c (LEDV) um \u20ac 1.500,00 kaufen. Bei den LEDV handelt es sich jedenfalls auch um Rabattgutscheine.<\/p>\n\n\n\n<p>Der Erwerb eines LEDV bewirkt somit die Erlangung des Status eines Sponsors. Der Sponsor soll aus dem Gesamteinkauf von Hunderttausenden\/Millionen Mitgliedern der Cloud direkt profitieren.<\/p>\n\n\n\n<p>BG Zell am See 28.05.2020 18 C 194\/20b: Mit den Limited Edition Discount Vouchers bewirbt die Beklagte ebenfalls die M\u00f6glichkeit der Generierung von Shoppings Points zur Erlangung eines finanziellen Vorteils im selben System, ohne dass klar w\u00fcrde, welche konkreten Vorteile mit einem bestimmten Produkt verbunden sind.<\/p>\n\n\n\n<p>Ein Gutachten der Wirtschaftsexpertin Mag. Andrea Komposch gelangt zum Ergebnis, dass Rabattgutscheine und LEDV ebenso wie die Clouds undefinierbar sind, die Werbeunterlagen von Lyoness unvollst\u00e4ndig und irref\u00fchrend sind und das Risiko des Totalverlusts besteht.<\/p>\n\n\n\n<p>Dem Gutachten ist zu entnehmen, dass die wesentlichen Faktoren, von welchen eigentlich der Erfolg der Veranlagung abh\u00e4ngt, unbestimmt sind. Soweit im Folgenden auf Feststellungen aus dem Gutachten Bezug genommen wird, sind die entsprechenden Randziffern angef\u00fchrt.<\/p>\n\n\n\n<p>Eine genaue Begriffserkl\u00e4rung der Rabattgutscheine und LEDV gibt es gar nicht. \u201eEs ist an dieser Stelle jedenfalls anzuf\u00fchren, dass in den vorliegenden Unterlagen zu ON 7, 10, 12, sowie den vorgelegten Unterlagen der ON 510 zu 14 St 17\/12m keine Erl\u00e4uterungen oder die Begriffe \u201eDiscount Voucher&#8221; bzw. ,,Limited Edition Discount Voucher&#8221; enthalten sind. Dementsprechend kann eine Begriffserkl\u00e4rung nicht durchgef\u00fchrt werden\u201c (RZ 33).<\/p>\n\n\n\n<p>Eine \u00fcberpr\u00fcfbare Dokumentation sowie Belege \u00fcber die Anzahl der Kunden einer Cloud und deren Einkaufsums\u00e4tzen gibt es nicht.<\/p>\n\n\n\n<p>In den Werbeprospekten wird behauptet, dass alle registrierten Kunden ohne Empfehlungsgeber in der Cloud vereint werden.<\/p>\n\n\n\n<p>Darin wird aber nicht konkretisiert, innerhalb welchen Zeitraums vor dem Start der Cloud die Registrierungen ber\u00fccksichtigt werden. F\u00fcr die H\u00f6he des Shopping Points-Volumens ist dies (Anzahl der registrierten Kunden) jedoch von Bedeutung (RZ 50).<\/p>\n\n\n\n<p>Lyoness verspricht in den Werbeunterlagen, dass bei Erstzuteilung 1.500 bzw. 500,00 Shopping Points je LEDV gegen Discount Voucher im Wert von \u20ac 1.500,00 bzw. \u20ac 500,00 eingel\u00f6st und ausbezahlt werden. Der Gutachterin gegen\u00fcber erl\u00e4uterte Lyoness allerdings, dass dies lediglich eine Annahme sei, weil sie keinerlei Gew\u00e4hr \u00fcber Umfang und Ausma\u00df barer\/unbarer Vorteile, die durch die Teilnahme an der Cloud entstehen k\u00f6nnen, \u00fcbernimmt (RZ 36, 53).<\/p>\n\n\n\n<p>Zum Zeitpunkt der Erstzuteilung kommt es zur \u201eEinl\u00f6sung und Auszahlung\u201c der Rabatte des Discount Vouchers \u2013 somit zur Einl\u00f6sung zu 100%. In welcher Form die Einl\u00f6sung und Auszahlung beim Discount Voucher erfolgt, ist in den vorliegenden Unterlagen eben so wenig erkl\u00e4rt, wie die Zuweisung von Shopping Points-Volumen (RZ 54). Wenn das Mitglied zum Zeitpunkt der Erstzuteilung keinen oder einen Discount Voucher, der einen geringeren Wert als EUR 1.500,&#8211; aufweist, kommt es zur Aufl\u00f6sung und Auszahlung des vorhandenen Betrags am Discount Voucher und f\u00fcr die Differenz wird dem Marketer Shopping Points-Volumen zugewiesen.<\/p>\n\n\n\n<p>In welcher Form die Einl\u00f6sung und Auszahlung tats\u00e4chlich erfolgt, ist den vorliegenden Unterlagen nicht zu entnehmen. Es kann auch nicht erl\u00e4utert werden, wie eine derartige Zuweisung von SP-Volumenerfolgt und was eine Zuweisung letztlich bewirkt (RZ 54).<\/p>\n\n\n\n<p>Es ist den Unterlagen nicht zu entnehmen, ab welchem Zeitpunkt die Einkaufsums\u00e4tze der Ziell\u00e4nder f\u00fcr die anteilige Verteilung der daraus resultierenden SP ber\u00fccksichtigt werden. Es ist dar\u00fcber hinaus keine Erkl\u00e4rung zu entnehmen, wie die daraus generierten SP f\u00fcr Discount Voucher eingel\u00f6st und ausbezahlt werden k\u00f6nnen. Ebenso wenig ist enthalten, welche Anzahl an Units aus den SP resultiert (RZ 55)<\/p>\n\n\n\n<p>Aufgrund der vorliegenden Pr\u00e4sentationen von Lyconet hinsichtlich der Teilnahme an den sog. Customer Clouds kann nicht entnommen werden bzw. ist nicht konkret erl\u00e4utert worden,<\/p>\n\n\n\n<ul class=\"wp-block-list\"><li>was der Kunde mit dem LEDV in H\u00f6he von EUR 1.500,&#8211; tats\u00e4chlich erwirbt und welche Konsequenzen sich daraus, au\u00dfer der Erf\u00fcllung der Voraussetzung zur Teilnahme an den Customer Clouds, letztlich f\u00fcr den Kunden ergeben?<\/li><li>ob dem Kunden die M\u00f6glichkeit zusteht, den Betrag von EUR 1.500,&#8211; f\u00fcr einen Einkauf zu verwenden oder ob er hinsichtlich dieser Summe keinen Anspruch auf R\u00fcckzahlung hat?<\/li><li>was die Formulierung hinsichtlich des LEDV, ,,Einl\u00f6sbarer Wert: Bestellwert kann zu 100% eingel\u00f6st werden&#8221; tats\u00e4chlich bedeutet?<\/li><li>aus der Beschreibung, ,,die ersten 1.500 SP pro LEDV werden gegen Discount Voucher im Wert von EUR 1.500,&#8211; eingel\u00f6st und ausbezahlt&#8221; lassen sich keine konkreten Erkl\u00e4rungen entnehmen, zumal die Einl\u00f6sung und Ausbezahlung offenbar nur im Ausma\u00df eines bereits vorhandenen Discount Voucher erfolgt. Auch k\u00f6nnen aus der Formulierung \u201eZuweisung von SP-Volumen&#8221; im Ausma\u00df der Differenz (zwischen LEDV und Discount Voucher) keine hinreichenden Erkl\u00e4rungen entnommen werden.<\/li><li>aus welchen Gr\u00fcnden die erstzugeteilte Anzahl an SP im Ausma\u00df von 1.500 als angenommen bezeichnet worden ist?<\/li><li>innerhalb welchen Zeitraums vor dem Start der Cloud am 08.09.2016 die Registrierungen von LYONESS Mitgliedern tats\u00e4chlich ber\u00fccksichtigt werden?<\/li><\/ul>\n\n\n\n<p>F\u00fcr die H\u00f6he des zuzuweisenden SP-Volumens und den daraus resultierenden SP ist dies von Relevanz. (RZ 57)<\/p>\n\n\n\n<p>Es besteht f\u00fcr die Rabattgutscheine kein realer Gegenwert (RZ 69).<\/p>\n\n\n\n<p>Der Wert des LEDV kann nicht sofort in Gutscheinform gegen Waren getauscht werden, sondern h\u00e4ngt dies von zuk\u00fcnftigen Shopping Points ab (RZ 72).<\/p>\n\n\n\n<p>Der Erfolg der Customer Clouds h\u00e4ngt ma\u00dfgeblich vom Aufbau eines Kundenstocks ab (RZ 77) und dieser erfolgt durch Lyoness.<\/p>\n\n\n\n<p>Der wirtschaftliche Misserfolg der Investition in die Customer Clouds als Ganzes bedingt zwingend den Veranlagungsverlust der jedes Einzelnen und aller Anleger (RZ 74, 77).<\/p>\n\n\n\n<p>Die Anleger erhalten eine der H\u00f6he nach unbestimmte Forderung, diese Forderung entsteht erst zu einem sp\u00e4teren Zeitpunkt (RZ 81).<\/p>\n\n\n\n<p>Das Gesch\u00e4ftsmodell sowie die Berechnung der Shopping Points sind weitgehend intransparent (RZ 81),<\/p>\n\n\n\n<p>Es liegt ein erheblicher Zeitraum zwischen Erwerb und Aussch\u00fcttung erster Shopping Points (RZ 81)<\/p>\n\n\n\n<p>Es besteht jedenfalls ein das allgemeine Insolvenzrisiko \u00fcbersteigendes Totalausfallsrisiko, etwa wenn keine oder nicht ausreichend Kunden geworben werden oder diese nicht in entsprechenden Mengen kaufen bzw. Shopping Points generieren (RZ 81)<\/p>\n\n\n\n<p>Die Verwaltung des f\u00fcr die Customer Clouds eingesetzten Kapitals erfolgt nicht durch die Anleger selbst, sondern ausschlie\u00dflich durch Lyoness, diese verwendet die vereinnahmten Gelder zur Durchf\u00fchrung der Customer Clouds ohne Mitwirkung der teilnehmenden Anleger. Die Anleger k\u00f6nnen nicht selbst bestimmen, in welche Projekte usw. die Gelder flie\u00dfen (RZ 86).<\/p>\n\n\n\n<p>Es bestehen in Summe keinerlei Hinweise darauf, dass die Anleger ernstzunehmenden Einfluss auf die Verwendung des Gelds nehmen k\u00f6nnen (RZ 87).<\/p>\n\n\n\n<p>Fazit: Obwohl als risikolos beworben, besteht bei den Clouds das Risiko des Totalverlusts.<\/p>\n\n\n\n<p>Die Investition f\u00fchrt keinesfalls zu den in Aussicht gestellten, ja nicht einmal zu nennenswerten Gewinnen.<\/p>\n\n\n\n<p>Die R\u00fcckzahlung des Einsatzes f\u00fcr die Clouds ist &#8211; sowohl der H\u00f6he als auch dem Grunde nach &#8211; unsicher. Ein konkreter Austausch Leistung gegen Entgelt findet hier nicht statt.<\/p>\n\n\n\n<p>Beim LEDV ist der Verwendungszweck weitgehend unklar, er hat keinen realen Gegenwert, vielmehr besteht das Risiko des Totalverlusts des eingesetzten Kapitals aller Anleger.<\/p>\n\n\n\n<p>\u00dcber das Totalausfallsrisiko der Investitionen in die Clouds wird nicht aufgekl\u00e4rt. F\u00fcr den LEDV erh\u00e4lt man auch keine Waren, Dienstleistungen oder sonstige Leistungen, die dem Nominalwert entsprechen.<\/p>\n\n\n\n<p>Somit sind die Clouds nur eine Blase, welche als gewinnbringend verkauft wird, aber die Anleger leer ausgehen l\u00e4sst.<\/p>\n<p class=\"wpcf7-contact-form-not-found\"><strong>Fehler:<\/strong> Kontaktformular wurde nicht gefunden.<\/p>","protected":false},"excerpt":{"rendered":"<p>Im Laufe der Zeit wurden verschiedene Clouds aufgelegt: Austrian Customer Cloud, Slovakian &amp; Czech Customer Cloud, Polish Customer Cloud, South East 1 Customer Cloud, South East 2 Customer Cloud, Nordic Customer Cloud, Italian Customer Cloud, Spanish and Portuguese Customer Cloud, German Customer Cloud, Enterprise Cloud 1, 2, 3, 4, 5, 6, 7, Enterprise Cloud X. [&hellip;]<\/p>\n","protected":false},"author":2,"featured_media":0,"parent":0,"menu_order":0,"comment_status":"closed","ping_status":"closed","template":"","meta":{"footnotes":""},"class_list":["post-253","page","type-page","status-publish","hentry"],"acf":[],"yoast_head":"<!-- This site is optimized with the Yoast SEO plugin v27.5 - https:\/\/yoast.com\/product\/yoast-seo-wordpress\/ -->\n<title>Die Clouds - Rechtsanwalt Mag. Dr. Josef Fromhold<\/title>\n<meta name=\"description\" content=\"Rechtsanwalt in Wien. Mein Spezialgebiet ist die Geltendmachung von R\u00fcckforderungsanspr\u00fcchen gegen Lyoness\/Lyconet\/Cashback World\/myWorld.\" \/>\n<meta name=\"robots\" content=\"index, follow, max-snippet:-1, max-image-preview:large, max-video-preview:-1\" \/>\n<link rel=\"canonical\" href=\"https:\/\/fromhold.at\/fromhold\/die-clouds\/\" \/>\n<meta property=\"og:locale\" content=\"de_DE\" \/>\n<meta property=\"og:type\" content=\"article\" \/>\n<meta property=\"og:title\" content=\"Die Clouds - Rechtsanwalt Mag. Dr. Josef Fromhold\" \/>\n<meta property=\"og:description\" content=\"Rechtsanwalt in Wien. Mein Spezialgebiet ist die Geltendmachung von R\u00fcckforderungsanspr\u00fcchen gegen Lyoness\/Lyconet\/Cashback World\/myWorld.\" \/>\n<meta property=\"og:url\" content=\"https:\/\/fromhold.at\/fromhold\/die-clouds\/\" \/>\n<meta property=\"og:site_name\" content=\"Rechtsanwalt Mag. Dr. Josef Fromhold\" \/>\n<meta property=\"article:modified_time\" content=\"2020-08-30T13:30:33+00:00\" \/>\n<meta name=\"twitter:card\" content=\"summary_large_image\" \/>\n<meta name=\"twitter:label1\" content=\"Gesch\u00e4tzte Lesezeit\" \/>\n\t<meta name=\"twitter:data1\" content=\"9\u00a0Minuten\" \/>\n<script type=\"application\/ld+json\" class=\"yoast-schema-graph\">{\"@context\":\"https:\\\/\\\/schema.org\",\"@graph\":[{\"@type\":\"WebPage\",\"@id\":\"https:\\\/\\\/fromhold.at\\\/fromhold\\\/die-clouds\\\/\",\"url\":\"https:\\\/\\\/fromhold.at\\\/fromhold\\\/die-clouds\\\/\",\"name\":\"Die Clouds - Rechtsanwalt Mag. Dr. Josef Fromhold\",\"isPartOf\":{\"@id\":\"https:\\\/\\\/fromhold.at\\\/fromhold\\\/#website\"},\"datePublished\":\"2020-08-30T13:30:31+00:00\",\"dateModified\":\"2020-08-30T13:30:33+00:00\",\"description\":\"Rechtsanwalt in Wien. Mein Spezialgebiet ist die Geltendmachung von R\u00fcckforderungsanspr\u00fcchen gegen Lyoness\\\/Lyconet\\\/Cashback World\\\/myWorld.\",\"breadcrumb\":{\"@id\":\"https:\\\/\\\/fromhold.at\\\/fromhold\\\/die-clouds\\\/#breadcrumb\"},\"inLanguage\":\"de\",\"potentialAction\":[{\"@type\":\"ReadAction\",\"target\":[\"https:\\\/\\\/fromhold.at\\\/fromhold\\\/die-clouds\\\/\"]}]},{\"@type\":\"BreadcrumbList\",\"@id\":\"https:\\\/\\\/fromhold.at\\\/fromhold\\\/die-clouds\\\/#breadcrumb\",\"itemListElement\":[{\"@type\":\"ListItem\",\"position\":1,\"name\":\"Startseite\",\"item\":\"https:\\\/\\\/fromhold.at\\\/fromhold\\\/\"},{\"@type\":\"ListItem\",\"position\":2,\"name\":\"Die Clouds\"}]},{\"@type\":\"WebSite\",\"@id\":\"https:\\\/\\\/fromhold.at\\\/fromhold\\\/#website\",\"url\":\"https:\\\/\\\/fromhold.at\\\/fromhold\\\/\",\"name\":\"Rechtsanwalt Mag. Dr. Josef Fromhold\",\"description\":\"Lyoness R\u00fcckforderung, Schuldenregulierung, Reiserecht, Konsumentenschutz\",\"publisher\":{\"@id\":\"https:\\\/\\\/fromhold.at\\\/fromhold\\\/#organization\"},\"potentialAction\":[{\"@type\":\"SearchAction\",\"target\":{\"@type\":\"EntryPoint\",\"urlTemplate\":\"https:\\\/\\\/fromhold.at\\\/fromhold\\\/?s={search_term_string}\"},\"query-input\":{\"@type\":\"PropertyValueSpecification\",\"valueRequired\":true,\"valueName\":\"search_term_string\"}}],\"inLanguage\":\"de\"},{\"@type\":\"Organization\",\"@id\":\"https:\\\/\\\/fromhold.at\\\/fromhold\\\/#organization\",\"name\":\"Rechtsanwalt Mag. Dr. Josef Fromhold\",\"url\":\"https:\\\/\\\/fromhold.at\\\/fromhold\\\/\",\"logo\":{\"@type\":\"ImageObject\",\"inLanguage\":\"de\",\"@id\":\"https:\\\/\\\/fromhold.at\\\/fromhold\\\/#\\\/schema\\\/logo\\\/image\\\/\",\"url\":\"https:\\\/\\\/fromhold.at\\\/fromhold\\\/wp-content\\\/uploads\\\/2020\\\/08\\\/logo_by_reza_dark_blue_shadow.png\",\"contentUrl\":\"https:\\\/\\\/fromhold.at\\\/fromhold\\\/wp-content\\\/uploads\\\/2020\\\/08\\\/logo_by_reza_dark_blue_shadow.png\",\"width\":320,\"height\":46,\"caption\":\"Rechtsanwalt Mag. Dr. Josef Fromhold\"},\"image\":{\"@id\":\"https:\\\/\\\/fromhold.at\\\/fromhold\\\/#\\\/schema\\\/logo\\\/image\\\/\"}}]}<\/script>\n<!-- \/ Yoast SEO plugin. -->","yoast_head_json":{"title":"Die Clouds - Rechtsanwalt Mag. Dr. Josef Fromhold","description":"Rechtsanwalt in Wien. Mein Spezialgebiet ist die Geltendmachung von R\u00fcckforderungsanspr\u00fcchen gegen Lyoness\/Lyconet\/Cashback World\/myWorld.","robots":{"index":"index","follow":"follow","max-snippet":"max-snippet:-1","max-image-preview":"max-image-preview:large","max-video-preview":"max-video-preview:-1"},"canonical":"https:\/\/fromhold.at\/fromhold\/die-clouds\/","og_locale":"de_DE","og_type":"article","og_title":"Die Clouds - Rechtsanwalt Mag. Dr. Josef Fromhold","og_description":"Rechtsanwalt in Wien. Mein Spezialgebiet ist die Geltendmachung von R\u00fcckforderungsanspr\u00fcchen gegen Lyoness\/Lyconet\/Cashback World\/myWorld.","og_url":"https:\/\/fromhold.at\/fromhold\/die-clouds\/","og_site_name":"Rechtsanwalt Mag. Dr. Josef Fromhold","article_modified_time":"2020-08-30T13:30:33+00:00","twitter_card":"summary_large_image","twitter_misc":{"Gesch\u00e4tzte Lesezeit":"9\u00a0Minuten"},"schema":{"@context":"https:\/\/schema.org","@graph":[{"@type":"WebPage","@id":"https:\/\/fromhold.at\/fromhold\/die-clouds\/","url":"https:\/\/fromhold.at\/fromhold\/die-clouds\/","name":"Die Clouds - Rechtsanwalt Mag. Dr. Josef Fromhold","isPartOf":{"@id":"https:\/\/fromhold.at\/fromhold\/#website"},"datePublished":"2020-08-30T13:30:31+00:00","dateModified":"2020-08-30T13:30:33+00:00","description":"Rechtsanwalt in Wien. Mein Spezialgebiet ist die Geltendmachung von R\u00fcckforderungsanspr\u00fcchen gegen Lyoness\/Lyconet\/Cashback World\/myWorld.","breadcrumb":{"@id":"https:\/\/fromhold.at\/fromhold\/die-clouds\/#breadcrumb"},"inLanguage":"de","potentialAction":[{"@type":"ReadAction","target":["https:\/\/fromhold.at\/fromhold\/die-clouds\/"]}]},{"@type":"BreadcrumbList","@id":"https:\/\/fromhold.at\/fromhold\/die-clouds\/#breadcrumb","itemListElement":[{"@type":"ListItem","position":1,"name":"Startseite","item":"https:\/\/fromhold.at\/fromhold\/"},{"@type":"ListItem","position":2,"name":"Die Clouds"}]},{"@type":"WebSite","@id":"https:\/\/fromhold.at\/fromhold\/#website","url":"https:\/\/fromhold.at\/fromhold\/","name":"Rechtsanwalt Mag. Dr. Josef Fromhold","description":"Lyoness R\u00fcckforderung, Schuldenregulierung, Reiserecht, Konsumentenschutz","publisher":{"@id":"https:\/\/fromhold.at\/fromhold\/#organization"},"potentialAction":[{"@type":"SearchAction","target":{"@type":"EntryPoint","urlTemplate":"https:\/\/fromhold.at\/fromhold\/?s={search_term_string}"},"query-input":{"@type":"PropertyValueSpecification","valueRequired":true,"valueName":"search_term_string"}}],"inLanguage":"de"},{"@type":"Organization","@id":"https:\/\/fromhold.at\/fromhold\/#organization","name":"Rechtsanwalt Mag. Dr. Josef Fromhold","url":"https:\/\/fromhold.at\/fromhold\/","logo":{"@type":"ImageObject","inLanguage":"de","@id":"https:\/\/fromhold.at\/fromhold\/#\/schema\/logo\/image\/","url":"https:\/\/fromhold.at\/fromhold\/wp-content\/uploads\/2020\/08\/logo_by_reza_dark_blue_shadow.png","contentUrl":"https:\/\/fromhold.at\/fromhold\/wp-content\/uploads\/2020\/08\/logo_by_reza_dark_blue_shadow.png","width":320,"height":46,"caption":"Rechtsanwalt Mag. Dr. Josef Fromhold"},"image":{"@id":"https:\/\/fromhold.at\/fromhold\/#\/schema\/logo\/image\/"}}]}},"_links":{"self":[{"href":"https:\/\/fromhold.at\/fromhold\/wp-json\/wp\/v2\/pages\/253","targetHints":{"allow":["GET"]}}],"collection":[{"href":"https:\/\/fromhold.at\/fromhold\/wp-json\/wp\/v2\/pages"}],"about":[{"href":"https:\/\/fromhold.at\/fromhold\/wp-json\/wp\/v2\/types\/page"}],"author":[{"embeddable":true,"href":"https:\/\/fromhold.at\/fromhold\/wp-json\/wp\/v2\/users\/2"}],"replies":[{"embeddable":true,"href":"https:\/\/fromhold.at\/fromhold\/wp-json\/wp\/v2\/comments?post=253"}],"version-history":[{"count":1,"href":"https:\/\/fromhold.at\/fromhold\/wp-json\/wp\/v2\/pages\/253\/revisions"}],"predecessor-version":[{"id":254,"href":"https:\/\/fromhold.at\/fromhold\/wp-json\/wp\/v2\/pages\/253\/revisions\/254"}],"wp:attachment":[{"href":"https:\/\/fromhold.at\/fromhold\/wp-json\/wp\/v2\/media?parent=253"}],"curies":[{"name":"wp","href":"https:\/\/api.w.org\/{rel}","templated":true}]}}