{"id":2,"date":"2016-07-21T16:22:31","date_gmt":"2016-07-21T14:22:31","guid":{"rendered":"http:\/\/fromhold.at\/fromhold\/?page_id=2"},"modified":"2020-01-16T09:08:57","modified_gmt":"2020-01-16T08:08:57","slug":"lyoness","status":"publish","type":"page","link":"https:\/\/fromhold.at\/fromhold\/lyoness\/","title":{"rendered":"Lyoness ist ein verp\u00f6ntes Schneeballsystem"},"content":{"rendered":"<p>Laut rechtskr\u00e4ftigem Urteil des Handelsgerichtes Wien ist das Gesch\u00e4ftsmodell von Lyoness ein verp\u00f6ntes SCHNEEBALLSYSTEM.<\/p>\n<p>HG Wien 30.11.2015, 1 R 192\/14b<\/p>\n<p>Somit gilt das von Lyoness beworbene CASH BACK nicht nur f\u00fcr Ihre Eink\u00e4ufe, sondern auch f\u00fcr Ihre Zahlungen an Lyoness:<\/p>\n<p>Wenn daher ein Schneeballsystem vorliegt, muss Lyoness selbst CASH BACK leisten, also Ihre Anzahlungen zur\u00fcckzahlen.<\/p>\n<p>Meine Kanzlei vertritt bzw. vertrat mehr als 2.000 Lyoness-Mitglieder, die in das als \u201eEinkaufsgemeinschaft\u201c etikettierte System \u201eLyoness\u201c Einzahlungen get\u00e4tigt haben.<\/p>\n<p>Die an Lyoness bezahlten \u201eAnzahlungen auf k\u00fcnftige Eink\u00e4ufe\/Gutscheinbestellungen\u201c bewegen sich zwischen \u20ac 2.000,00 und erreichen sogar Summen von bis zu \u20ac 200.000,00. Die Mehrheit der Einzahler kommt aus dem EU-Raum und der Schweiz, allerdings begehren mittlerweile berechtiger Weise bereits Mitglieder aus L\u00e4ndern fernab der \u00f6sterreichischen \u201eEinkaufsgemeinschaft\u201c, wie Kanada, Myanmar, Australien ihre Eins\u00e4tze retour.<\/p>\n<p>Es gibt zugunsten der Gesch\u00e4digten bereits zahlreiche Gerichtsurteile, welche auf R\u00fcckzahlung der Einzahlungen lauten. Lyoness muss dabei nicht nur das gesamte Kapital, sondern \u2013 weit \u00fcber dem Bankzinssatz liegende \u2013 Zinsen in H\u00f6he von 4% bezahlen und die Kosten des Gerichtsverfahrens ersetzen.<\/p>\n<p>Aber auch auf au\u00dfergerichtlichem Weg konnten R\u00fcckzahlungen f\u00fcr die Mehrzahl der Gesch\u00e4digten erwirkt werden. Lyoness hat mittlerweile nicht zuletzt auch angesichts des Drucks eines bei der Wirtschafts- und Korruptionsstaatsanwaltschaft gef\u00fchrten Ermittlungsverfahrens an Gesch\u00e4digte R\u00fcckzahlungen von mehr als 1 Million Euro get\u00e4tigt.<\/p>\n<p>Sofern Sie selbst eine R\u00fcckzahlung Ihrer Einzahlungen bei Lyoness begehren, wird Lyoness vorgeben, erst durch Ihr Schreiben von Ihrer Unzufriedenheit erfahren zu haben und ank\u00fcndigen, dass Sie mindestens 4 Wochen auf eine Antwort auf Ihr R\u00fcckforderungsansinnen warten m\u00fcssen, da Ihr Anliegen genauestens gepr\u00fcft werden m\u00fcsse. Sofern eine R\u00fcckzahlung dann nicht ohnehin abgelehnt werden wird, bietet Lyoness erfahrungsgem\u00e4\u00df \u2013 unberechtigter Weise \u2013 nur eine bescheidene Teilzahlung an.<\/p>\n<p>Der angebotene Betrag wird weit unter Ihrer Einzahlung liegen, da der Abzug eines mindestens 25% Kulanzstornos und von angeblich bereits erfolgter R\u00fcckzahlungen erfolgt. Kosten eines Rechtsanwalts und Zinsen werden von Lyoness schon grunds\u00e4tzlich nicht erstattet. Wenn Sie die unberechtigten Abz\u00fcge von Lyoness akzeptieren, f\u00fchrt dies nur zu einer weiteren Bereicherung von Lyoness.<\/p>\n<p>Daher sind ein Anschluss als Privatbeteiligter im Ermittlungsverfahren und eine Zivilklage die Mittel der Wahl.<\/p>\n<p>Da es sich also beim Gesch\u00e4ftsmodell Lyoness um ein verp\u00f6ntes Schneeballsystem handelt, gibt f\u00fcr Mitglieder das Cash Back Prinzip nicht nur f\u00fcr deren Eink\u00e4ufe, sondern auch f\u00fcr deren Anzahlungen. Lyoness hat die Anzahlungen zur\u00fcckzuzahlen.<\/p>\n<p>Es konnten sowohl gerichtlich als auch au\u00dfergerichtlich hohe Summen an R\u00fcckzahlungen durchgesetzt werden.<\/p>\n<p>Wenn Sie Ihr Geld zur\u00fcckfordern wollen, also CASH BACK auch von Lyoness verlangen, kontaktieren Sie meine Kanzlei.<\/p>\n<h3><a href=\"https:\/\/verbraucherrecht.at\/cms\/index.php?id=49&amp;tx_ttnews%5Btt_news%5D=3546&amp;cHash=b2e43ed5914d78b27876856be8d19bdc\" target=\"_blank\" rel=\"noopener noreferrer\">Lyoness \u2013 Gesch\u00e4ftsmodell ist verp\u00f6ntes Schneeballsystem<\/a><\/h3>\n<h3><a href=\"http:\/\/kurier.at\/wirtschaft\/unternehmen\/einkaufsgemeinschaft-lyoness-verliert-prozess\/176.001.673\" target=\"_blank\" rel=\"noopener noreferrer\">Einkaufsgemein\u00adschaft Lyoness verliert Prozess<\/a><\/h3>\n<h3><a href=\"http:\/\/help.orf.at\/stories\/1766434\/\">Wieder Urteil gegen Lyoness: Schneeballsystem<\/a><\/h3>\n<p class=\"wpcf7-contact-form-not-found\"><strong>Fehler:<\/strong> Kontaktformular wurde nicht gefunden.<\/p>","protected":false},"excerpt":{"rendered":"<p>Laut rechtskr\u00e4ftigem Urteil des Handelsgerichtes Wien ist das Gesch\u00e4ftsmodell von Lyoness ein verp\u00f6ntes SCHNEEBALLSYSTEM. HG Wien 30.11.2015, 1 R 192\/14b Somit gilt das von Lyoness beworbene CASH BACK nicht nur f\u00fcr Ihre Eink\u00e4ufe, sondern auch f\u00fcr Ihre Zahlungen an Lyoness: Wenn daher ein Schneeballsystem vorliegt, muss Lyoness selbst CASH BACK leisten, also Ihre Anzahlungen zur\u00fcckzahlen. [&hellip;]<\/p>\n","protected":false},"author":2,"featured_media":0,"parent":0,"menu_order":0,"comment_status":"closed","ping_status":"closed","template":"","meta":{"footnotes":""},"class_list":["post-2","page","type-page","status-publish","hentry"],"acf":[],"yoast_head":"<!-- This site is optimized with the Yoast SEO plugin v27.3 - https:\/\/yoast.com\/product\/yoast-seo-wordpress\/ -->\n<title>Lyoness ist ein verp\u00f6ntes Schneeballsystem - Rechtsanwalt Mag. Dr. Josef Fromhold<\/title>\n<meta name=\"description\" content=\"R\u00fcckforderung von Lyoness. Lyoness ist ein Schneeballsystem. Ich vertrete Sie kompetent bei der R\u00fcckforderung der Zahlungen bei Lyoness.\" \/>\n<meta name=\"robots\" content=\"index, follow, max-snippet:-1, max-image-preview:large, max-video-preview:-1\" \/>\n<link rel=\"canonical\" href=\"https:\/\/fromhold.at\/fromhold\/lyoness\/\" \/>\n<meta property=\"og:locale\" content=\"de_DE\" \/>\n<meta property=\"og:type\" content=\"article\" \/>\n<meta property=\"og:title\" content=\"Lyoness ist ein verp\u00f6ntes Schneeballsystem - Rechtsanwalt Mag. Dr. Josef Fromhold\" \/>\n<meta property=\"og:description\" content=\"R\u00fcckforderung von Lyoness. Lyoness ist ein Schneeballsystem. Ich vertrete Sie kompetent bei der R\u00fcckforderung der Zahlungen bei Lyoness.\" \/>\n<meta property=\"og:url\" content=\"https:\/\/fromhold.at\/fromhold\/lyoness\/\" \/>\n<meta property=\"og:site_name\" content=\"Rechtsanwalt Mag. Dr. Josef Fromhold\" \/>\n<meta property=\"article:modified_time\" content=\"2020-01-16T08:08:57+00:00\" \/>\n<meta name=\"twitter:card\" content=\"summary_large_image\" \/>\n<meta name=\"twitter:label1\" content=\"Gesch\u00e4tzte Lesezeit\" \/>\n\t<meta name=\"twitter:data1\" content=\"2\u00a0Minuten\" \/>\n<script type=\"application\/ld+json\" class=\"yoast-schema-graph\">{\"@context\":\"https:\\\/\\\/schema.org\",\"@graph\":[{\"@type\":\"WebPage\",\"@id\":\"https:\\\/\\\/fromhold.at\\\/fromhold\\\/lyoness\\\/\",\"url\":\"https:\\\/\\\/fromhold.at\\\/fromhold\\\/lyoness\\\/\",\"name\":\"Lyoness ist ein verp\u00f6ntes Schneeballsystem - Rechtsanwalt Mag. Dr. Josef Fromhold\",\"isPartOf\":{\"@id\":\"https:\\\/\\\/fromhold.at\\\/fromhold\\\/#website\"},\"datePublished\":\"2016-07-21T14:22:31+00:00\",\"dateModified\":\"2020-01-16T08:08:57+00:00\",\"description\":\"R\u00fcckforderung von Lyoness. Lyoness ist ein Schneeballsystem. Ich vertrete Sie kompetent bei der R\u00fcckforderung der Zahlungen bei Lyoness.\",\"breadcrumb\":{\"@id\":\"https:\\\/\\\/fromhold.at\\\/fromhold\\\/lyoness\\\/#breadcrumb\"},\"inLanguage\":\"de\",\"potentialAction\":[{\"@type\":\"ReadAction\",\"target\":[\"https:\\\/\\\/fromhold.at\\\/fromhold\\\/lyoness\\\/\"]}]},{\"@type\":\"BreadcrumbList\",\"@id\":\"https:\\\/\\\/fromhold.at\\\/fromhold\\\/lyoness\\\/#breadcrumb\",\"itemListElement\":[{\"@type\":\"ListItem\",\"position\":1,\"name\":\"Startseite\",\"item\":\"https:\\\/\\\/fromhold.at\\\/fromhold\\\/\"},{\"@type\":\"ListItem\",\"position\":2,\"name\":\"Lyoness ist ein verp\u00f6ntes Schneeballsystem\"}]},{\"@type\":\"WebSite\",\"@id\":\"https:\\\/\\\/fromhold.at\\\/fromhold\\\/#website\",\"url\":\"https:\\\/\\\/fromhold.at\\\/fromhold\\\/\",\"name\":\"Rechtsanwalt Mag. Dr. Josef Fromhold\",\"description\":\"Lyoness R\u00fcckforderung, Schuldenregulierung, Reiserecht, Konsumentenschutz\",\"publisher\":{\"@id\":\"https:\\\/\\\/fromhold.at\\\/fromhold\\\/#organization\"},\"potentialAction\":[{\"@type\":\"SearchAction\",\"target\":{\"@type\":\"EntryPoint\",\"urlTemplate\":\"https:\\\/\\\/fromhold.at\\\/fromhold\\\/?s={search_term_string}\"},\"query-input\":{\"@type\":\"PropertyValueSpecification\",\"valueRequired\":true,\"valueName\":\"search_term_string\"}}],\"inLanguage\":\"de\"},{\"@type\":\"Organization\",\"@id\":\"https:\\\/\\\/fromhold.at\\\/fromhold\\\/#organization\",\"name\":\"Rechtsanwalt Mag. Dr. Josef Fromhold\",\"url\":\"https:\\\/\\\/fromhold.at\\\/fromhold\\\/\",\"logo\":{\"@type\":\"ImageObject\",\"inLanguage\":\"de\",\"@id\":\"https:\\\/\\\/fromhold.at\\\/fromhold\\\/#\\\/schema\\\/logo\\\/image\\\/\",\"url\":\"https:\\\/\\\/fromhold.at\\\/fromhold\\\/wp-content\\\/uploads\\\/2020\\\/08\\\/logo_by_reza_dark_blue_shadow.png\",\"contentUrl\":\"https:\\\/\\\/fromhold.at\\\/fromhold\\\/wp-content\\\/uploads\\\/2020\\\/08\\\/logo_by_reza_dark_blue_shadow.png\",\"width\":320,\"height\":46,\"caption\":\"Rechtsanwalt Mag. Dr. Josef Fromhold\"},\"image\":{\"@id\":\"https:\\\/\\\/fromhold.at\\\/fromhold\\\/#\\\/schema\\\/logo\\\/image\\\/\"}}]}<\/script>\n<!-- \/ Yoast SEO plugin. -->","yoast_head_json":{"title":"Lyoness ist ein verp\u00f6ntes Schneeballsystem - Rechtsanwalt Mag. Dr. Josef Fromhold","description":"R\u00fcckforderung von Lyoness. Lyoness ist ein Schneeballsystem. Ich vertrete Sie kompetent bei der R\u00fcckforderung der Zahlungen bei Lyoness.","robots":{"index":"index","follow":"follow","max-snippet":"max-snippet:-1","max-image-preview":"max-image-preview:large","max-video-preview":"max-video-preview:-1"},"canonical":"https:\/\/fromhold.at\/fromhold\/lyoness\/","og_locale":"de_DE","og_type":"article","og_title":"Lyoness ist ein verp\u00f6ntes Schneeballsystem - Rechtsanwalt Mag. Dr. Josef Fromhold","og_description":"R\u00fcckforderung von Lyoness. Lyoness ist ein Schneeballsystem. Ich vertrete Sie kompetent bei der R\u00fcckforderung der Zahlungen bei Lyoness.","og_url":"https:\/\/fromhold.at\/fromhold\/lyoness\/","og_site_name":"Rechtsanwalt Mag. Dr. Josef Fromhold","article_modified_time":"2020-01-16T08:08:57+00:00","twitter_card":"summary_large_image","twitter_misc":{"Gesch\u00e4tzte Lesezeit":"2\u00a0Minuten"},"schema":{"@context":"https:\/\/schema.org","@graph":[{"@type":"WebPage","@id":"https:\/\/fromhold.at\/fromhold\/lyoness\/","url":"https:\/\/fromhold.at\/fromhold\/lyoness\/","name":"Lyoness ist ein verp\u00f6ntes Schneeballsystem - Rechtsanwalt Mag. Dr. Josef Fromhold","isPartOf":{"@id":"https:\/\/fromhold.at\/fromhold\/#website"},"datePublished":"2016-07-21T14:22:31+00:00","dateModified":"2020-01-16T08:08:57+00:00","description":"R\u00fcckforderung von Lyoness. Lyoness ist ein Schneeballsystem. Ich vertrete Sie kompetent bei der R\u00fcckforderung der Zahlungen bei Lyoness.","breadcrumb":{"@id":"https:\/\/fromhold.at\/fromhold\/lyoness\/#breadcrumb"},"inLanguage":"de","potentialAction":[{"@type":"ReadAction","target":["https:\/\/fromhold.at\/fromhold\/lyoness\/"]}]},{"@type":"BreadcrumbList","@id":"https:\/\/fromhold.at\/fromhold\/lyoness\/#breadcrumb","itemListElement":[{"@type":"ListItem","position":1,"name":"Startseite","item":"https:\/\/fromhold.at\/fromhold\/"},{"@type":"ListItem","position":2,"name":"Lyoness ist ein verp\u00f6ntes Schneeballsystem"}]},{"@type":"WebSite","@id":"https:\/\/fromhold.at\/fromhold\/#website","url":"https:\/\/fromhold.at\/fromhold\/","name":"Rechtsanwalt Mag. Dr. Josef Fromhold","description":"Lyoness R\u00fcckforderung, Schuldenregulierung, Reiserecht, Konsumentenschutz","publisher":{"@id":"https:\/\/fromhold.at\/fromhold\/#organization"},"potentialAction":[{"@type":"SearchAction","target":{"@type":"EntryPoint","urlTemplate":"https:\/\/fromhold.at\/fromhold\/?s={search_term_string}"},"query-input":{"@type":"PropertyValueSpecification","valueRequired":true,"valueName":"search_term_string"}}],"inLanguage":"de"},{"@type":"Organization","@id":"https:\/\/fromhold.at\/fromhold\/#organization","name":"Rechtsanwalt Mag. Dr. Josef Fromhold","url":"https:\/\/fromhold.at\/fromhold\/","logo":{"@type":"ImageObject","inLanguage":"de","@id":"https:\/\/fromhold.at\/fromhold\/#\/schema\/logo\/image\/","url":"https:\/\/fromhold.at\/fromhold\/wp-content\/uploads\/2020\/08\/logo_by_reza_dark_blue_shadow.png","contentUrl":"https:\/\/fromhold.at\/fromhold\/wp-content\/uploads\/2020\/08\/logo_by_reza_dark_blue_shadow.png","width":320,"height":46,"caption":"Rechtsanwalt Mag. Dr. Josef Fromhold"},"image":{"@id":"https:\/\/fromhold.at\/fromhold\/#\/schema\/logo\/image\/"}}]}},"_links":{"self":[{"href":"https:\/\/fromhold.at\/fromhold\/wp-json\/wp\/v2\/pages\/2","targetHints":{"allow":["GET"]}}],"collection":[{"href":"https:\/\/fromhold.at\/fromhold\/wp-json\/wp\/v2\/pages"}],"about":[{"href":"https:\/\/fromhold.at\/fromhold\/wp-json\/wp\/v2\/types\/page"}],"author":[{"embeddable":true,"href":"https:\/\/fromhold.at\/fromhold\/wp-json\/wp\/v2\/users\/2"}],"replies":[{"embeddable":true,"href":"https:\/\/fromhold.at\/fromhold\/wp-json\/wp\/v2\/comments?post=2"}],"version-history":[{"count":7,"href":"https:\/\/fromhold.at\/fromhold\/wp-json\/wp\/v2\/pages\/2\/revisions"}],"predecessor-version":[{"id":131,"href":"https:\/\/fromhold.at\/fromhold\/wp-json\/wp\/v2\/pages\/2\/revisions\/131"}],"wp:attachment":[{"href":"https:\/\/fromhold.at\/fromhold\/wp-json\/wp\/v2\/media?parent=2"}],"curies":[{"name":"wp","href":"https:\/\/api.w.org\/{rel}","templated":true}]}}