{"id":19,"date":"2016-07-25T21:03:56","date_gmt":"2016-07-25T19:03:56","guid":{"rendered":"http:\/\/fromhold.at\/fromhold\/?page_id=19"},"modified":"2023-02-21T13:18:35","modified_gmt":"2023-02-21T12:18:35","slug":"kontakt","status":"publish","type":"page","link":"https:\/\/fromhold.at\/fromhold\/kontakt\/","title":{"rendered":"Kontakt"},"content":{"rendered":"<h1 style=\"text-align: center;\"><strong>Rechtsanwalt<br \/>Mag. Dr. Josef Fromhold<\/strong><\/h1>\n<hr \/>\n<h3 style=\"text-align: center;\"><span style=\"color: #000000;\">fon: +43 1 9962104 0<\/span><br \/><span style=\"color: #000000;\">fax: +43 1 996210466<br \/><\/span><span style=\"color: #000000;\">mail: <a style=\"color: #000000;\" href=\"mailto:office@fromhold.net\">office@fromhold.net<\/a><br \/><\/span><\/h3>\n<h3 style=\"text-align: center;\"><span style=\"color: #000000;\">\u00a0<\/span><\/h3>\n<h3 style=\"text-align: center;\">\u00a0<\/h3>\n\n\n<div class=\"wp-block-contact-form-7-contact-form-selector\">\n<div class=\"wpcf7 no-js\" id=\"wpcf7-f76-o1\" lang=\"de-DE\" dir=\"ltr\" data-wpcf7-id=\"76\">\n<div class=\"screen-reader-response\"><p role=\"status\" aria-live=\"polite\" aria-atomic=\"true\"><\/p> <ul><\/ul><\/div>\n<form action=\"\/fromhold\/wp-json\/wp\/v2\/pages\/19#wpcf7-f76-o1\" method=\"post\" class=\"wpcf7-form init\" aria-label=\"Kontaktformular\" novalidate=\"novalidate\" data-status=\"init\">\n<fieldset class=\"hidden-fields-container\"><input type=\"hidden\" name=\"_wpcf7\" value=\"76\" \/><input type=\"hidden\" name=\"_wpcf7_version\" value=\"6.1.5\" \/><input type=\"hidden\" name=\"_wpcf7_locale\" value=\"de_DE\" \/><input type=\"hidden\" name=\"_wpcf7_unit_tag\" value=\"wpcf7-f76-o1\" \/><input type=\"hidden\" name=\"_wpcf7_container_post\" value=\"0\" \/><input type=\"hidden\" name=\"_wpcf7_posted_data_hash\" value=\"\" \/><input type=\"hidden\" name=\"redirect_nonce\" value=\"62452a75ab\" \/><input type=\"hidden\" name=\"wpcf7cfpdf_hidden_name\" value=\"document-pdf\" \/><input type=\"hidden\" name=\"wpcf7cfpdf_hidden_reference\" value=\"b2813d78\" \/><input type=\"hidden\" name=\"wpcf7cfpdf_hidden_date\" value=\"04052026\" \/><input type=\"hidden\" name=\"_wpcf7_recaptcha_response\" value=\"\" \/>\n<\/fieldset>\n<p style=\"color:var(--e-global-color-text);margin-bottom:15px;\">Name *\n<\/p>\n<p><span class=\"wpcf7-form-control-wrap\" data-name=\"your-name\"><input size=\"40\" maxlength=\"400\" class=\"wpcf7-form-control wpcf7-text wpcf7-validates-as-required\" aria-required=\"true\" aria-invalid=\"false\" value=\"\" type=\"text\" name=\"your-name\" \/><\/span>\n<\/p>\n<p style=\"color:var(--e-global-color-text);margin-bottom:15px;\">Ihre E-Mail Adresse *\n<\/p>\n<p><span class=\"wpcf7-form-control-wrap\" data-name=\"your-email\"><input size=\"40\" maxlength=\"400\" class=\"wpcf7-form-control wpcf7-email wpcf7-validates-as-required wpcf7-text wpcf7-validates-as-email\" aria-required=\"true\" aria-invalid=\"false\" value=\"\" type=\"email\" name=\"your-email\" \/><\/span>\n<\/p>\n<p style=\"color:var(--e-global-color-text);margin-bottom:15px;\">Betreff\n<\/p>\n<p><span class=\"wpcf7-form-control-wrap\" data-name=\"your-subject\"><input size=\"40\" maxlength=\"400\" class=\"wpcf7-form-control wpcf7-text\" aria-invalid=\"false\" value=\"\" type=\"text\" name=\"your-subject\" \/><\/span>\n<\/p>\n<p style=\"color:var(--e-global-color-text);margin-bottom:15px;\">Ihre Nachricht\n<\/p>\n<p><span class=\"wpcf7-form-control-wrap\" data-name=\"your-message\"><textarea cols=\"40\" rows=\"10\" maxlength=\"2000\" class=\"wpcf7-form-control wpcf7-textarea\" aria-invalid=\"false\" name=\"your-message\"><\/textarea><\/span>\n<\/p>\n<p style=\"color:var(--e-global-color-text);margin-bottom:15px;\">\n<\/p>\n<p><span class=\"wpcf7-form-control-wrap\" data-name=\"acceptance-471\"><span class=\"wpcf7-form-control wpcf7-acceptance\"><span class=\"wpcf7-list-item\"><label><input type=\"checkbox\" name=\"acceptance-471\" value=\"1\" aria-invalid=\"false\" \/><span class=\"wpcf7-list-item-label\">Es werden personenbezogene Daten \u00fcbermittelt und f\u00fcr die in der Datenschutzerkl\u00e4rung beschriebenen Zwecke verwendet.<\/span><\/label><\/span><\/span><\/span>\n<\/p>\n<p><input class=\"wpcf7-form-control wpcf7-submit has-spinner\" type=\"submit\" value=\"Absenden\" \/>\n<\/p><div class=\"wpcf7-response-output\" aria-hidden=\"true\"><\/div>\n<\/form>\n<\/div>\n<\/div>\n<p class=\"wpcf7-contact-form-not-found\"><strong>Fehler:<\/strong> Kontaktformular wurde nicht gefunden.<\/p>","protected":false},"excerpt":{"rendered":"<p>RechtsanwaltMag. Dr. Josef Fromhold fon: +43 1 9962104 0fax: +43 1 996210466mail: office@fromhold.net \u00a0 \u00a0 Fehler: Kontaktformular wurde nicht gefunden.<\/p>\n","protected":false},"author":2,"featured_media":0,"parent":0,"menu_order":0,"comment_status":"closed","ping_status":"closed","template":"","meta":{"footnotes":""},"class_list":["post-19","page","type-page","status-publish","hentry"],"acf":[],"yoast_head":"<!-- This site is optimized with the Yoast SEO plugin v27.3 - https:\/\/yoast.com\/product\/yoast-seo-wordpress\/ -->\n<title>Rechtsanwalt Mag. Dr. Josef Fromhold - Lyoness R\u00fcckforderung<\/title>\n<meta name=\"description\" content=\"Rechtsanwalt in Wien. Mein Spezialgebiet ist die Geltendmachung von R\u00fcckforderungsanspr\u00fcchen gegen Lyoness\/Lyconet\/Cashback World\/myWorld.\" \/>\n<meta name=\"robots\" content=\"index, follow, max-snippet:-1, max-image-preview:large, max-video-preview:-1\" \/>\n<link rel=\"canonical\" href=\"https:\/\/fromhold.at\/fromhold\/kontakt\/\" \/>\n<meta property=\"og:locale\" content=\"de_DE\" \/>\n<meta property=\"og:type\" content=\"article\" \/>\n<meta property=\"og:title\" content=\"Rechtsanwalt Mag. Dr. Josef Fromhold - Lyoness R\u00fcckforderung\" \/>\n<meta property=\"og:description\" content=\"Rechtsanwalt in Wien. Mein Spezialgebiet ist die Geltendmachung von R\u00fcckforderungsanspr\u00fcchen gegen Lyoness\/Lyconet\/Cashback World\/myWorld.\" \/>\n<meta property=\"og:url\" content=\"https:\/\/fromhold.at\/fromhold\/kontakt\/\" \/>\n<meta property=\"og:site_name\" content=\"Rechtsanwalt Mag. Dr. Josef Fromhold\" \/>\n<meta property=\"article:modified_time\" content=\"2023-02-21T12:18:35+00:00\" \/>\n<meta name=\"twitter:card\" content=\"summary_large_image\" \/>\n<meta name=\"twitter:label1\" content=\"Gesch\u00e4tzte Lesezeit\" \/>\n\t<meta name=\"twitter:data1\" content=\"1\u00a0Minute\" \/>\n<script type=\"application\/ld+json\" class=\"yoast-schema-graph\">{\"@context\":\"https:\\\/\\\/schema.org\",\"@graph\":[{\"@type\":\"WebPage\",\"@id\":\"https:\\\/\\\/fromhold.at\\\/fromhold\\\/kontakt\\\/\",\"url\":\"https:\\\/\\\/fromhold.at\\\/fromhold\\\/kontakt\\\/\",\"name\":\"Rechtsanwalt Mag. Dr. Josef Fromhold - Lyoness R\u00fcckforderung\",\"isPartOf\":{\"@id\":\"https:\\\/\\\/fromhold.at\\\/fromhold\\\/#website\"},\"datePublished\":\"2016-07-25T19:03:56+00:00\",\"dateModified\":\"2023-02-21T12:18:35+00:00\",\"description\":\"Rechtsanwalt in Wien. Mein Spezialgebiet ist die Geltendmachung von R\u00fcckforderungsanspr\u00fcchen gegen Lyoness\\\/Lyconet\\\/Cashback World\\\/myWorld.\",\"breadcrumb\":{\"@id\":\"https:\\\/\\\/fromhold.at\\\/fromhold\\\/kontakt\\\/#breadcrumb\"},\"inLanguage\":\"de\",\"potentialAction\":[{\"@type\":\"ReadAction\",\"target\":[\"https:\\\/\\\/fromhold.at\\\/fromhold\\\/kontakt\\\/\"]}]},{\"@type\":\"BreadcrumbList\",\"@id\":\"https:\\\/\\\/fromhold.at\\\/fromhold\\\/kontakt\\\/#breadcrumb\",\"itemListElement\":[{\"@type\":\"ListItem\",\"position\":1,\"name\":\"Startseite\",\"item\":\"https:\\\/\\\/fromhold.at\\\/fromhold\\\/\"},{\"@type\":\"ListItem\",\"position\":2,\"name\":\"Kontakt\"}]},{\"@type\":\"WebSite\",\"@id\":\"https:\\\/\\\/fromhold.at\\\/fromhold\\\/#website\",\"url\":\"https:\\\/\\\/fromhold.at\\\/fromhold\\\/\",\"name\":\"Rechtsanwalt Mag. Dr. Josef Fromhold\",\"description\":\"Lyoness R\u00fcckforderung, Schuldenregulierung, Reiserecht, Konsumentenschutz\",\"publisher\":{\"@id\":\"https:\\\/\\\/fromhold.at\\\/fromhold\\\/#organization\"},\"potentialAction\":[{\"@type\":\"SearchAction\",\"target\":{\"@type\":\"EntryPoint\",\"urlTemplate\":\"https:\\\/\\\/fromhold.at\\\/fromhold\\\/?s={search_term_string}\"},\"query-input\":{\"@type\":\"PropertyValueSpecification\",\"valueRequired\":true,\"valueName\":\"search_term_string\"}}],\"inLanguage\":\"de\"},{\"@type\":\"Organization\",\"@id\":\"https:\\\/\\\/fromhold.at\\\/fromhold\\\/#organization\",\"name\":\"Rechtsanwalt Mag. Dr. Josef Fromhold\",\"url\":\"https:\\\/\\\/fromhold.at\\\/fromhold\\\/\",\"logo\":{\"@type\":\"ImageObject\",\"inLanguage\":\"de\",\"@id\":\"https:\\\/\\\/fromhold.at\\\/fromhold\\\/#\\\/schema\\\/logo\\\/image\\\/\",\"url\":\"https:\\\/\\\/fromhold.at\\\/fromhold\\\/wp-content\\\/uploads\\\/2020\\\/08\\\/logo_by_reza_dark_blue_shadow.png\",\"contentUrl\":\"https:\\\/\\\/fromhold.at\\\/fromhold\\\/wp-content\\\/uploads\\\/2020\\\/08\\\/logo_by_reza_dark_blue_shadow.png\",\"width\":320,\"height\":46,\"caption\":\"Rechtsanwalt Mag. Dr. Josef Fromhold\"},\"image\":{\"@id\":\"https:\\\/\\\/fromhold.at\\\/fromhold\\\/#\\\/schema\\\/logo\\\/image\\\/\"}}]}<\/script>\n<!-- \/ Yoast SEO plugin. -->","yoast_head_json":{"title":"Rechtsanwalt Mag. Dr. Josef Fromhold - Lyoness R\u00fcckforderung","description":"Rechtsanwalt in Wien. Mein Spezialgebiet ist die Geltendmachung von R\u00fcckforderungsanspr\u00fcchen gegen Lyoness\/Lyconet\/Cashback World\/myWorld.","robots":{"index":"index","follow":"follow","max-snippet":"max-snippet:-1","max-image-preview":"max-image-preview:large","max-video-preview":"max-video-preview:-1"},"canonical":"https:\/\/fromhold.at\/fromhold\/kontakt\/","og_locale":"de_DE","og_type":"article","og_title":"Rechtsanwalt Mag. Dr. Josef Fromhold - Lyoness R\u00fcckforderung","og_description":"Rechtsanwalt in Wien. Mein Spezialgebiet ist die Geltendmachung von R\u00fcckforderungsanspr\u00fcchen gegen Lyoness\/Lyconet\/Cashback World\/myWorld.","og_url":"https:\/\/fromhold.at\/fromhold\/kontakt\/","og_site_name":"Rechtsanwalt Mag. Dr. Josef Fromhold","article_modified_time":"2023-02-21T12:18:35+00:00","twitter_card":"summary_large_image","twitter_misc":{"Gesch\u00e4tzte Lesezeit":"1\u00a0Minute"},"schema":{"@context":"https:\/\/schema.org","@graph":[{"@type":"WebPage","@id":"https:\/\/fromhold.at\/fromhold\/kontakt\/","url":"https:\/\/fromhold.at\/fromhold\/kontakt\/","name":"Rechtsanwalt Mag. Dr. Josef Fromhold - Lyoness R\u00fcckforderung","isPartOf":{"@id":"https:\/\/fromhold.at\/fromhold\/#website"},"datePublished":"2016-07-25T19:03:56+00:00","dateModified":"2023-02-21T12:18:35+00:00","description":"Rechtsanwalt in Wien. Mein Spezialgebiet ist die Geltendmachung von R\u00fcckforderungsanspr\u00fcchen gegen Lyoness\/Lyconet\/Cashback World\/myWorld.","breadcrumb":{"@id":"https:\/\/fromhold.at\/fromhold\/kontakt\/#breadcrumb"},"inLanguage":"de","potentialAction":[{"@type":"ReadAction","target":["https:\/\/fromhold.at\/fromhold\/kontakt\/"]}]},{"@type":"BreadcrumbList","@id":"https:\/\/fromhold.at\/fromhold\/kontakt\/#breadcrumb","itemListElement":[{"@type":"ListItem","position":1,"name":"Startseite","item":"https:\/\/fromhold.at\/fromhold\/"},{"@type":"ListItem","position":2,"name":"Kontakt"}]},{"@type":"WebSite","@id":"https:\/\/fromhold.at\/fromhold\/#website","url":"https:\/\/fromhold.at\/fromhold\/","name":"Rechtsanwalt Mag. Dr. Josef Fromhold","description":"Lyoness R\u00fcckforderung, Schuldenregulierung, Reiserecht, Konsumentenschutz","publisher":{"@id":"https:\/\/fromhold.at\/fromhold\/#organization"},"potentialAction":[{"@type":"SearchAction","target":{"@type":"EntryPoint","urlTemplate":"https:\/\/fromhold.at\/fromhold\/?s={search_term_string}"},"query-input":{"@type":"PropertyValueSpecification","valueRequired":true,"valueName":"search_term_string"}}],"inLanguage":"de"},{"@type":"Organization","@id":"https:\/\/fromhold.at\/fromhold\/#organization","name":"Rechtsanwalt Mag. Dr. Josef Fromhold","url":"https:\/\/fromhold.at\/fromhold\/","logo":{"@type":"ImageObject","inLanguage":"de","@id":"https:\/\/fromhold.at\/fromhold\/#\/schema\/logo\/image\/","url":"https:\/\/fromhold.at\/fromhold\/wp-content\/uploads\/2020\/08\/logo_by_reza_dark_blue_shadow.png","contentUrl":"https:\/\/fromhold.at\/fromhold\/wp-content\/uploads\/2020\/08\/logo_by_reza_dark_blue_shadow.png","width":320,"height":46,"caption":"Rechtsanwalt Mag. Dr. Josef Fromhold"},"image":{"@id":"https:\/\/fromhold.at\/fromhold\/#\/schema\/logo\/image\/"}}]}},"_links":{"self":[{"href":"https:\/\/fromhold.at\/fromhold\/wp-json\/wp\/v2\/pages\/19","targetHints":{"allow":["GET"]}}],"collection":[{"href":"https:\/\/fromhold.at\/fromhold\/wp-json\/wp\/v2\/pages"}],"about":[{"href":"https:\/\/fromhold.at\/fromhold\/wp-json\/wp\/v2\/types\/page"}],"author":[{"embeddable":true,"href":"https:\/\/fromhold.at\/fromhold\/wp-json\/wp\/v2\/users\/2"}],"replies":[{"embeddable":true,"href":"https:\/\/fromhold.at\/fromhold\/wp-json\/wp\/v2\/comments?post=19"}],"version-history":[{"count":24,"href":"https:\/\/fromhold.at\/fromhold\/wp-json\/wp\/v2\/pages\/19\/revisions"}],"predecessor-version":[{"id":840,"href":"https:\/\/fromhold.at\/fromhold\/wp-json\/wp\/v2\/pages\/19\/revisions\/840"}],"wp:attachment":[{"href":"https:\/\/fromhold.at\/fromhold\/wp-json\/wp\/v2\/media?parent=19"}],"curies":[{"name":"wp","href":"https:\/\/api.w.org\/{rel}","templated":true}]}}