{"id":104,"date":"2019-01-31T19:14:11","date_gmt":"2019-01-31T18:14:11","guid":{"rendered":"http:\/\/www.fromhold.at\/?page_id=104"},"modified":"2020-01-16T08:56:09","modified_gmt":"2020-01-16T07:56:09","slug":"lyoness-2","status":"publish","type":"page","link":"https:\/\/fromhold.at\/fromhold\/lyoness-2\/","title":{"rendered":"Lyoness"},"content":{"rendered":"\n<p>Es sind Hunderte Urteile ergangen, welche Lyoness zur\nR\u00fcckzahlung der \u201eAnzahlungen\u201c verpflichteten.<\/p>\n\n\n\n<p>Mittlerweile zahlt Lyoness die Anzahlungen abz\u00fcglich der\nausbezahlten Mitgliedsvorteile \u00fcber meine au\u00dfergerichtliche Aufforderung\nzur\u00fcck.<\/p>\n\n\n\n<p>Aber auch das Gesch\u00e4ftsmodell \u201eLyconet\u201c mit seinen Vouchers und Clouds ist aus rechtlicher Sicht bedenklich. Lyoness zahlt daher \u00fcber anwaltliche Aufforderung auch diese Investments zur\u00fcck.<\/p>\n<p class=\"wpcf7-contact-form-not-found\"><strong>Fehler:<\/strong> Kontaktformular wurde nicht gefunden.<\/p>","protected":false},"excerpt":{"rendered":"<p>Es sind Hunderte Urteile ergangen, welche Lyoness zur R\u00fcckzahlung der \u201eAnzahlungen\u201c verpflichteten. Mittlerweile zahlt Lyoness die Anzahlungen abz\u00fcglich der ausbezahlten Mitgliedsvorteile \u00fcber meine au\u00dfergerichtliche Aufforderung zur\u00fcck. Aber auch das Gesch\u00e4ftsmodell \u201eLyconet\u201c mit seinen Vouchers und Clouds ist aus rechtlicher Sicht bedenklich. Lyoness zahlt daher \u00fcber anwaltliche Aufforderung auch diese Investments zur\u00fcck. Fehler: Kontaktformular wurde nicht [&hellip;]<\/p>\n","protected":false},"author":2,"featured_media":0,"parent":0,"menu_order":0,"comment_status":"closed","ping_status":"closed","template":"","meta":{"footnotes":""},"class_list":["post-104","page","type-page","status-publish","hentry"],"acf":[],"yoast_head":"<!-- This site is optimized with the Yoast SEO plugin v27.5 - https:\/\/yoast.com\/product\/yoast-seo-wordpress\/ -->\n<title>Lyoness - Rechtsanwalt Mag. Dr. Josef Fromhold<\/title>\n<meta name=\"description\" content=\"Rechtsanwalt in Wien. Mein Spezialgebiet ist die Geltendmachung von R\u00fcckforderungsanspr\u00fcchen gegen Lyoness\/Lyconet\/Cashback World\/myWorld.\" \/>\n<meta name=\"robots\" content=\"index, follow, max-snippet:-1, max-image-preview:large, max-video-preview:-1\" \/>\n<link rel=\"canonical\" href=\"https:\/\/fromhold.at\/fromhold\/lyoness-2\/\" \/>\n<meta property=\"og:locale\" content=\"de_DE\" \/>\n<meta property=\"og:type\" content=\"article\" \/>\n<meta property=\"og:title\" content=\"Lyoness - Rechtsanwalt Mag. Dr. Josef Fromhold\" \/>\n<meta property=\"og:description\" content=\"Rechtsanwalt in Wien. Mein Spezialgebiet ist die Geltendmachung von R\u00fcckforderungsanspr\u00fcchen gegen Lyoness\/Lyconet\/Cashback World\/myWorld.\" \/>\n<meta property=\"og:url\" content=\"https:\/\/fromhold.at\/fromhold\/lyoness-2\/\" \/>\n<meta property=\"og:site_name\" content=\"Rechtsanwalt Mag. Dr. Josef Fromhold\" \/>\n<meta property=\"article:modified_time\" content=\"2020-01-16T07:56:09+00:00\" \/>\n<meta name=\"twitter:card\" content=\"summary_large_image\" \/>\n<script type=\"application\/ld+json\" class=\"yoast-schema-graph\">{\"@context\":\"https:\\\/\\\/schema.org\",\"@graph\":[{\"@type\":\"WebPage\",\"@id\":\"https:\\\/\\\/fromhold.at\\\/fromhold\\\/lyoness-2\\\/\",\"url\":\"https:\\\/\\\/fromhold.at\\\/fromhold\\\/lyoness-2\\\/\",\"name\":\"Lyoness - Rechtsanwalt Mag. Dr. Josef Fromhold\",\"isPartOf\":{\"@id\":\"https:\\\/\\\/fromhold.at\\\/fromhold\\\/#website\"},\"datePublished\":\"2019-01-31T18:14:11+00:00\",\"dateModified\":\"2020-01-16T07:56:09+00:00\",\"description\":\"Rechtsanwalt in Wien. Mein Spezialgebiet ist die Geltendmachung von R\u00fcckforderungsanspr\u00fcchen gegen Lyoness\\\/Lyconet\\\/Cashback World\\\/myWorld.\",\"breadcrumb\":{\"@id\":\"https:\\\/\\\/fromhold.at\\\/fromhold\\\/lyoness-2\\\/#breadcrumb\"},\"inLanguage\":\"de\",\"potentialAction\":[{\"@type\":\"ReadAction\",\"target\":[\"https:\\\/\\\/fromhold.at\\\/fromhold\\\/lyoness-2\\\/\"]}]},{\"@type\":\"BreadcrumbList\",\"@id\":\"https:\\\/\\\/fromhold.at\\\/fromhold\\\/lyoness-2\\\/#breadcrumb\",\"itemListElement\":[{\"@type\":\"ListItem\",\"position\":1,\"name\":\"Startseite\",\"item\":\"https:\\\/\\\/fromhold.at\\\/fromhold\\\/\"},{\"@type\":\"ListItem\",\"position\":2,\"name\":\"Lyoness\"}]},{\"@type\":\"WebSite\",\"@id\":\"https:\\\/\\\/fromhold.at\\\/fromhold\\\/#website\",\"url\":\"https:\\\/\\\/fromhold.at\\\/fromhold\\\/\",\"name\":\"Rechtsanwalt Mag. Dr. Josef Fromhold\",\"description\":\"Lyoness R\u00fcckforderung, Schuldenregulierung, Reiserecht, Konsumentenschutz\",\"publisher\":{\"@id\":\"https:\\\/\\\/fromhold.at\\\/fromhold\\\/#organization\"},\"potentialAction\":[{\"@type\":\"SearchAction\",\"target\":{\"@type\":\"EntryPoint\",\"urlTemplate\":\"https:\\\/\\\/fromhold.at\\\/fromhold\\\/?s={search_term_string}\"},\"query-input\":{\"@type\":\"PropertyValueSpecification\",\"valueRequired\":true,\"valueName\":\"search_term_string\"}}],\"inLanguage\":\"de\"},{\"@type\":\"Organization\",\"@id\":\"https:\\\/\\\/fromhold.at\\\/fromhold\\\/#organization\",\"name\":\"Rechtsanwalt Mag. Dr. Josef Fromhold\",\"url\":\"https:\\\/\\\/fromhold.at\\\/fromhold\\\/\",\"logo\":{\"@type\":\"ImageObject\",\"inLanguage\":\"de\",\"@id\":\"https:\\\/\\\/fromhold.at\\\/fromhold\\\/#\\\/schema\\\/logo\\\/image\\\/\",\"url\":\"https:\\\/\\\/fromhold.at\\\/fromhold\\\/wp-content\\\/uploads\\\/2020\\\/08\\\/logo_by_reza_dark_blue_shadow.png\",\"contentUrl\":\"https:\\\/\\\/fromhold.at\\\/fromhold\\\/wp-content\\\/uploads\\\/2020\\\/08\\\/logo_by_reza_dark_blue_shadow.png\",\"width\":320,\"height\":46,\"caption\":\"Rechtsanwalt Mag. Dr. Josef Fromhold\"},\"image\":{\"@id\":\"https:\\\/\\\/fromhold.at\\\/fromhold\\\/#\\\/schema\\\/logo\\\/image\\\/\"}}]}<\/script>\n<!-- \/ Yoast SEO plugin. -->","yoast_head_json":{"title":"Lyoness - Rechtsanwalt Mag. Dr. Josef Fromhold","description":"Rechtsanwalt in Wien. Mein Spezialgebiet ist die Geltendmachung von R\u00fcckforderungsanspr\u00fcchen gegen Lyoness\/Lyconet\/Cashback World\/myWorld.","robots":{"index":"index","follow":"follow","max-snippet":"max-snippet:-1","max-image-preview":"max-image-preview:large","max-video-preview":"max-video-preview:-1"},"canonical":"https:\/\/fromhold.at\/fromhold\/lyoness-2\/","og_locale":"de_DE","og_type":"article","og_title":"Lyoness - Rechtsanwalt Mag. Dr. Josef Fromhold","og_description":"Rechtsanwalt in Wien. Mein Spezialgebiet ist die Geltendmachung von R\u00fcckforderungsanspr\u00fcchen gegen Lyoness\/Lyconet\/Cashback World\/myWorld.","og_url":"https:\/\/fromhold.at\/fromhold\/lyoness-2\/","og_site_name":"Rechtsanwalt Mag. Dr. Josef Fromhold","article_modified_time":"2020-01-16T07:56:09+00:00","twitter_card":"summary_large_image","schema":{"@context":"https:\/\/schema.org","@graph":[{"@type":"WebPage","@id":"https:\/\/fromhold.at\/fromhold\/lyoness-2\/","url":"https:\/\/fromhold.at\/fromhold\/lyoness-2\/","name":"Lyoness - Rechtsanwalt Mag. Dr. Josef Fromhold","isPartOf":{"@id":"https:\/\/fromhold.at\/fromhold\/#website"},"datePublished":"2019-01-31T18:14:11+00:00","dateModified":"2020-01-16T07:56:09+00:00","description":"Rechtsanwalt in Wien. Mein Spezialgebiet ist die Geltendmachung von R\u00fcckforderungsanspr\u00fcchen gegen Lyoness\/Lyconet\/Cashback World\/myWorld.","breadcrumb":{"@id":"https:\/\/fromhold.at\/fromhold\/lyoness-2\/#breadcrumb"},"inLanguage":"de","potentialAction":[{"@type":"ReadAction","target":["https:\/\/fromhold.at\/fromhold\/lyoness-2\/"]}]},{"@type":"BreadcrumbList","@id":"https:\/\/fromhold.at\/fromhold\/lyoness-2\/#breadcrumb","itemListElement":[{"@type":"ListItem","position":1,"name":"Startseite","item":"https:\/\/fromhold.at\/fromhold\/"},{"@type":"ListItem","position":2,"name":"Lyoness"}]},{"@type":"WebSite","@id":"https:\/\/fromhold.at\/fromhold\/#website","url":"https:\/\/fromhold.at\/fromhold\/","name":"Rechtsanwalt Mag. Dr. Josef Fromhold","description":"Lyoness R\u00fcckforderung, Schuldenregulierung, Reiserecht, Konsumentenschutz","publisher":{"@id":"https:\/\/fromhold.at\/fromhold\/#organization"},"potentialAction":[{"@type":"SearchAction","target":{"@type":"EntryPoint","urlTemplate":"https:\/\/fromhold.at\/fromhold\/?s={search_term_string}"},"query-input":{"@type":"PropertyValueSpecification","valueRequired":true,"valueName":"search_term_string"}}],"inLanguage":"de"},{"@type":"Organization","@id":"https:\/\/fromhold.at\/fromhold\/#organization","name":"Rechtsanwalt Mag. Dr. Josef Fromhold","url":"https:\/\/fromhold.at\/fromhold\/","logo":{"@type":"ImageObject","inLanguage":"de","@id":"https:\/\/fromhold.at\/fromhold\/#\/schema\/logo\/image\/","url":"https:\/\/fromhold.at\/fromhold\/wp-content\/uploads\/2020\/08\/logo_by_reza_dark_blue_shadow.png","contentUrl":"https:\/\/fromhold.at\/fromhold\/wp-content\/uploads\/2020\/08\/logo_by_reza_dark_blue_shadow.png","width":320,"height":46,"caption":"Rechtsanwalt Mag. Dr. Josef Fromhold"},"image":{"@id":"https:\/\/fromhold.at\/fromhold\/#\/schema\/logo\/image\/"}}]}},"_links":{"self":[{"href":"https:\/\/fromhold.at\/fromhold\/wp-json\/wp\/v2\/pages\/104","targetHints":{"allow":["GET"]}}],"collection":[{"href":"https:\/\/fromhold.at\/fromhold\/wp-json\/wp\/v2\/pages"}],"about":[{"href":"https:\/\/fromhold.at\/fromhold\/wp-json\/wp\/v2\/types\/page"}],"author":[{"embeddable":true,"href":"https:\/\/fromhold.at\/fromhold\/wp-json\/wp\/v2\/users\/2"}],"replies":[{"embeddable":true,"href":"https:\/\/fromhold.at\/fromhold\/wp-json\/wp\/v2\/comments?post=104"}],"version-history":[{"count":4,"href":"https:\/\/fromhold.at\/fromhold\/wp-json\/wp\/v2\/pages\/104\/revisions"}],"predecessor-version":[{"id":123,"href":"https:\/\/fromhold.at\/fromhold\/wp-json\/wp\/v2\/pages\/104\/revisions\/123"}],"wp:attachment":[{"href":"https:\/\/fromhold.at\/fromhold\/wp-json\/wp\/v2\/media?parent=104"}],"curies":[{"name":"wp","href":"https:\/\/api.w.org\/{rel}","templated":true}]}}